{"id":1683,"date":"2024-12-07T13:44:55","date_gmt":"2024-12-07T12:44:55","guid":{"rendered":"https:\/\/sandagerbiobraendsel.dk\/?page_id=1683"},"modified":"2024-12-07T14:31:17","modified_gmt":"2024-12-07T13:31:17","slug":"fragt-zoner","status":"publish","type":"page","link":"https:\/\/sandagerbiobraendsel.dk\/index.php\/fragt-zoner\/","title":{"rendered":"Fragt zoner"},"content":{"rendered":"\t\t<div data-elementor-type=\"wp-page\" data-elementor-id=\"1683\" class=\"elementor elementor-1683\" data-elementor-post-type=\"page\">\n\t\t\t\t<div class=\"elementor-element elementor-element-a50bc78 e-flex e-con-boxed e-con e-parent\" data-id=\"a50bc78\" data-element_type=\"container\" data-settings=\"{&quot;background_background&quot;:&quot;classic&quot;}\">\n\t\t\t\t\t<div class=\"e-con-inner\">\n\t\t\t\t<div class=\"elementor-element elementor-element-79bfe98 elementor-widget elementor-widget-heading\" data-id=\"79bfe98\" data-element_type=\"widget\" data-widget_type=\"heading.default\">\n\t\t\t\t<div class=\"elementor-widget-container\">\n\t\t\t<h2 class=\"elementor-heading-title elementor-size-default\">Fragt zoner<\/h2>\t\t<\/div>\n\t\t\t\t<\/div>\n\t\t\t\t\t<\/div>\n\t\t\t\t<\/div>\n\t\t<div class=\"elementor-element elementor-element-85a77bc e-flex e-con-boxed e-con e-parent\" data-id=\"85a77bc\" data-element_type=\"container\">\n\t\t\t\t\t<div class=\"e-con-inner\">\n\t\t\t\t<div class=\"elementor-element elementor-element-b862b00 elementor-widget elementor-widget-image\" data-id=\"b862b00\" data-element_type=\"widget\" data-widget_type=\"image.default\">\n\t\t\t\t<div class=\"elementor-widget-container\">\n\t\t\t\t\t\t\t\t\t\t\t\t\t<img fetchpriority=\"high\" decoding=\"async\" width=\"1024\" height=\"576\" src=\"https:\/\/sandagerbiobraendsel.dk\/wp-content\/uploads\/2024\/12\/Zonekort-klip-1024x576.png\" class=\"attachment-large size-large wp-image-1691\" alt=\"\" srcset=\"https:\/\/sandagerbiobraendsel.dk\/wp-content\/uploads\/2024\/12\/Zonekort-klip-1024x576.png 1024w, https:\/\/sandagerbiobraendsel.dk\/wp-content\/uploads\/2024\/12\/Zonekort-klip-300x169.png 300w, https:\/\/sandagerbiobraendsel.dk\/wp-content\/uploads\/2024\/12\/Zonekort-klip-768x432.png 768w, https:\/\/sandagerbiobraendsel.dk\/wp-content\/uploads\/2024\/12\/Zonekort-klip-1536x864.png 1536w, https:\/\/sandagerbiobraendsel.dk\/wp-content\/uploads\/2024\/12\/Zonekort-klip-2048x1152.png 2048w, https:\/\/sandagerbiobraendsel.dk\/wp-content\/uploads\/2024\/12\/Zonekort-klip-600x338.png 600w\" sizes=\"(max-width: 1024px) 100vw, 1024px\" \/>\t\t\t\t\t\t\t\t\t\t\t\t\t<\/div>\n\t\t\t\t<\/div>\n\t\t\t\t\t<\/div>\n\t\t\t\t<\/div>\n\t\t<div class=\"elementor-element elementor-element-bf5b021 e-flex e-con-boxed e-con e-parent\" data-id=\"bf5b021\" data-element_type=\"container\" data-settings=\"{&quot;background_background&quot;:&quot;classic&quot;}\">\n\t\t\t\t\t<div class=\"e-con-inner\">\n\t\t\t\t<div class=\"elementor-element elementor-element-db6d492 elementor-widget elementor-widget-heading\" data-id=\"db6d492\" data-element_type=\"widget\" data-widget_type=\"heading.default\">\n\t\t\t\t<div class=\"elementor-widget-container\">\n\t\t\t<h2 class=\"elementor-heading-title elementor-size-default\">Terr\u00e6ng\u00e5ende pallel\u00f8fter <\/h2>\t\t<\/div>\n\t\t\t\t<\/div>\n\t\t\t\t\t<\/div>\n\t\t\t\t<\/div>\n\t\t<div class=\"elementor-element elementor-element-81789df e-flex e-con-boxed e-con e-parent\" data-id=\"81789df\" data-element_type=\"container\" data-settings=\"{&quot;background_background&quot;:&quot;classic&quot;}\">\n\t\t\t\t\t<div class=\"e-con-inner\">\n\t\t<div class=\"elementor-element elementor-element-7970934 e-con-full e-flex e-con e-child\" data-id=\"7970934\" data-element_type=\"container\">\n\t\t\t\t<div class=\"elementor-element elementor-element-8286f03 elementor-widget elementor-widget-text-editor\" data-id=\"8286f03\" data-element_type=\"widget\" data-widget_type=\"text-editor.default\">\n\t\t\t\t<div class=\"elementor-widget-container\">\n\t\t\t\t\t\t\t<div class=\"flex max-w-full flex-col flex-grow\"><div class=\"min-h-8 text-message flex w-full flex-col items-end gap-2 whitespace-normal break-words text-start [.text-message+&amp;]:mt-5\" dir=\"auto\" data-message-author-role=\"assistant\" data-message-id=\"f76bc8e1-a615-463c-a1b3-48b14c3e0383\" data-message-model-slug=\"gpt-4o\"><div class=\"flex w-full flex-col gap-1 empty:hidden first:pt-[3px]\"><div class=\"markdown prose w-full break-words dark:prose-invert dark\"><h4 style=\"text-align: center;\"><span style=\"color: #ffffff;\"><strong>Levering med fleksibilitet<\/strong><\/span><\/h4><p>Hos Sandager Biobr\u00e6ndsel g\u00f8r vi vores bedste for at levere dine varer, pr\u00e6cis hvor du \u00f8nsker det. Vi benytter terr\u00e6ng\u00e5ende pallel\u00f8ftere, som g\u00f8r det muligt <span style=\"text-decoration: underline;\">i de fleste tilf\u00e6lde<\/span> at placere pallerne p\u00e5 sv\u00e6rt tilg\u00e6ngelige steder. I travle perioder kan vi dog f\u00e5 hj\u00e6lp fra eksterne fragtfirmaer, hvilket betyder, at leveringen sker med almindelige el-pallel\u00f8ftere, der kun kan k\u00f8re p\u00e5 fast underlag. Vi arbejder altid for at sikre en s\u00e5 smidig levering som muligt.<\/p><\/div><\/div><\/div><\/div>\t\t\t\t\t\t<\/div>\n\t\t\t\t<\/div>\n\t\t\t\t<\/div>\n\t\t<div class=\"elementor-element elementor-element-5121795 e-con-full e-flex e-con e-child\" data-id=\"5121795\" data-element_type=\"container\">\n\t\t\t\t<div class=\"elementor-element elementor-element-4dd9574 elementor-widget elementor-widget-image\" data-id=\"4dd9574\" data-element_type=\"widget\" data-widget_type=\"image.default\">\n\t\t\t\t<div class=\"elementor-widget-container\">\n\t\t\t\t\t\t\t\t\t\t\t\t\t<img decoding=\"async\" width=\"1024\" height=\"549\" src=\"https:\/\/sandagerbiobraendsel.dk\/wp-content\/uploads\/2024\/12\/Powerpoint-lev-1024x549.png\" class=\"attachment-large size-large wp-image-1693\" alt=\"\" srcset=\"https:\/\/sandagerbiobraendsel.dk\/wp-content\/uploads\/2024\/12\/Powerpoint-lev-1024x549.png 1024w, https:\/\/sandagerbiobraendsel.dk\/wp-content\/uploads\/2024\/12\/Powerpoint-lev-300x161.png 300w, https:\/\/sandagerbiobraendsel.dk\/wp-content\/uploads\/2024\/12\/Powerpoint-lev-768x411.png 768w, https:\/\/sandagerbiobraendsel.dk\/wp-content\/uploads\/2024\/12\/Powerpoint-lev-1536x823.png 1536w, https:\/\/sandagerbiobraendsel.dk\/wp-content\/uploads\/2024\/12\/Powerpoint-lev-2048x1097.png 2048w, https:\/\/sandagerbiobraendsel.dk\/wp-content\/uploads\/2024\/12\/Powerpoint-lev-600x321.png 600w\" sizes=\"(max-width: 1024px) 100vw, 1024px\" \/>\t\t\t\t\t\t\t\t\t\t\t\t\t<\/div>\n\t\t\t\t<\/div>\n\t\t\t\t<\/div>\n\t\t\t\t\t<\/div>\n\t\t\t\t<\/div>\n\t\t\t\t<\/div>\n\t\t","protected":false},"excerpt":{"rendered":"<p>Fragt zoner Terr\u00e6ng\u00e5ende pallel\u00f8fter Levering med fleksibilitet Hos Sandager Biobr\u00e6ndsel g\u00f8r vi vores bedste for at levere dine varer, pr\u00e6cis hvor du \u00f8nsker det. Vi benytter terr\u00e6ng\u00e5ende pallel\u00f8ftere, som g\u00f8r det muligt i de fleste tilf\u00e6lde at placere pallerne p\u00e5 sv\u00e6rt tilg\u00e6ngelige steder. I travle perioder kan vi dog f\u00e5 hj\u00e6lp fra eksterne fragtfirmaer, hvilket [&hellip;]<\/p>\n","protected":false},"author":1,"featured_media":0,"parent":0,"menu_order":0,"comment_status":"closed","ping_status":"closed","template":"","meta":{"_acf_changed":false,"site-sidebar-layout":"no-sidebar","site-content-layout":"page-builder","ast-site-content-layout":"full-width-container","site-content-style":"default","site-sidebar-style":"default","ast-global-header-display":"","ast-banner-title-visibility":"","ast-main-header-display":"","ast-hfb-above-header-display":"","ast-hfb-below-header-display":"","ast-hfb-mobile-header-display":"","site-post-title":"disabled","ast-breadcrumbs-content":"","ast-featured-img":"disabled","footer-sml-layout":"","theme-transparent-header-meta":"","adv-header-id-meta":"","stick-header-meta":"","header-above-stick-meta":"","header-main-stick-meta":"","header-below-stick-meta":"","astra-migrate-meta-layouts":"set","ast-page-background-enabled":"default","ast-page-background-meta":{"desktop":{"background-color":"var(--ast-global-color-4)","background-image":"","background-repeat":"repeat","background-position":"center center","background-size":"auto","background-attachment":"scroll","background-type":"","background-media":"","overlay-type":"","overlay-color":"","overlay-gradient":""},"tablet":{"background-color":"","background-image":"","background-repeat":"repeat","background-position":"center center","background-size":"auto","background-attachment":"scroll","background-type":"","background-media":"","overlay-type":"","overlay-color":"","overlay-gradient":""},"mobile":{"background-color":"","background-image":"","background-repeat":"repeat","background-position":"center center","background-size":"auto","background-attachment":"scroll","background-type":"","background-media":"","overlay-type":"","overlay-color":"","overlay-gradient":""}},"ast-content-background-meta":{"desktop":{"background-color":"var(--ast-global-color-5)","background-image":"","background-repeat":"repeat","background-position":"center center","background-size":"auto","background-attachment":"scroll","background-type":"","background-media":"","overlay-type":"","overlay-color":"","overlay-gradient":""},"tablet":{"background-color":"var(--ast-global-color-5)","background-image":"","background-repeat":"repeat","background-position":"center center","background-size":"auto","background-attachment":"scroll","background-type":"","background-media":"","overlay-type":"","overlay-color":"","overlay-gradient":""},"mobile":{"background-color":"var(--ast-global-color-5)","background-image":"","background-repeat":"repeat","background-position":"center center","background-size":"auto","background-attachment":"scroll","background-type":"","background-media":"","overlay-type":"","overlay-color":"","overlay-gradient":""}},"footnotes":""},"class_list":["post-1683","page","type-page","status-publish","hentry"],"acf":[],"yoast_head":"<!-- This site is optimized with the Yoast SEO plugin v23.9 - https:\/\/yoast.com\/wordpress\/plugins\/seo\/ -->\n<title>Fragt zoner | Sandager Biobr\u00e6ndsel | Tr\u00e6piller, Briketter, Br\u00e6nde<\/title>\n<meta name=\"robots\" content=\"index, follow, max-snippet:-1, max-image-preview:large, max-video-preview:-1\" \/>\n<link rel=\"canonical\" href=\"https:\/\/sandagerbiobraendsel.dk\/index.php\/fragt-zoner\/\" \/>\n<meta property=\"og:locale\" content=\"da_DK\" \/>\n<meta property=\"og:type\" content=\"article\" \/>\n<meta property=\"og:title\" content=\"Fragt zoner | Sandager Biobr\u00e6ndsel | Tr\u00e6piller, Briketter, Br\u00e6nde\" \/>\n<meta property=\"og:description\" content=\"Fragt zoner Terr\u00e6ng\u00e5ende pallel\u00f8fter Levering med fleksibilitet Hos Sandager Biobr\u00e6ndsel g\u00f8r vi vores bedste for at levere dine varer, pr\u00e6cis hvor du \u00f8nsker det. Vi benytter terr\u00e6ng\u00e5ende pallel\u00f8ftere, som g\u00f8r det muligt i de fleste tilf\u00e6lde at placere pallerne p\u00e5 sv\u00e6rt tilg\u00e6ngelige steder. I travle perioder kan vi dog f\u00e5 hj\u00e6lp fra eksterne fragtfirmaer, hvilket [&hellip;]\" \/>\n<meta property=\"og:url\" content=\"https:\/\/sandagerbiobraendsel.dk\/index.php\/fragt-zoner\/\" \/>\n<meta property=\"og:site_name\" content=\"Sandager Biobr\u00e6ndsel | Tr\u00e6piller, Briketter, Br\u00e6nde\" \/>\n<meta property=\"article:publisher\" content=\"https:\/\/www.facebook.com\/profile.php?id=100081904594618\" \/>\n<meta property=\"article:modified_time\" content=\"2024-12-07T13:31:17+00:00\" \/>\n<meta property=\"og:image\" content=\"https:\/\/sandagerbiobraendsel.dk\/wp-content\/uploads\/2024\/12\/Zonekort-klip.png\" \/>\n\t<meta property=\"og:image:width\" content=\"2218\" \/>\n\t<meta property=\"og:image:height\" content=\"1248\" \/>\n\t<meta property=\"og:image:type\" content=\"image\/png\" \/>\n<meta name=\"twitter:card\" content=\"summary_large_image\" \/>\n<meta name=\"twitter:label1\" content=\"Estimeret l\u00e6setid\" \/>\n\t<meta name=\"twitter:data1\" content=\"1 minut\" \/>\n<script type=\"application\/ld+json\" class=\"yoast-schema-graph\">{\"@context\":\"https:\/\/schema.org\",\"@graph\":[{\"@type\":\"WebPage\",\"@id\":\"https:\/\/sandagerbiobraendsel.dk\/index.php\/fragt-zoner\/\",\"url\":\"https:\/\/sandagerbiobraendsel.dk\/index.php\/fragt-zoner\/\",\"name\":\"Fragt zoner | Sandager Biobr\u00e6ndsel | Tr\u00e6piller, Briketter, Br\u00e6nde\",\"isPartOf\":{\"@id\":\"https:\/\/sandagerbiobraendsel.dk\/#website\"},\"primaryImageOfPage\":{\"@id\":\"https:\/\/sandagerbiobraendsel.dk\/index.php\/fragt-zoner\/#primaryimage\"},\"image\":{\"@id\":\"https:\/\/sandagerbiobraendsel.dk\/index.php\/fragt-zoner\/#primaryimage\"},\"thumbnailUrl\":\"https:\/\/sandagerbiobraendsel.dk\/wp-content\/uploads\/2024\/12\/Zonekort-klip-1024x576.png\",\"datePublished\":\"2024-12-07T12:44:55+00:00\",\"dateModified\":\"2024-12-07T13:31:17+00:00\",\"breadcrumb\":{\"@id\":\"https:\/\/sandagerbiobraendsel.dk\/index.php\/fragt-zoner\/#breadcrumb\"},\"inLanguage\":\"da-DK\",\"potentialAction\":[{\"@type\":\"ReadAction\",\"target\":[\"https:\/\/sandagerbiobraendsel.dk\/index.php\/fragt-zoner\/\"]}]},{\"@type\":\"ImageObject\",\"inLanguage\":\"da-DK\",\"@id\":\"https:\/\/sandagerbiobraendsel.dk\/index.php\/fragt-zoner\/#primaryimage\",\"url\":\"https:\/\/sandagerbiobraendsel.dk\/wp-content\/uploads\/2024\/12\/Zonekort-klip.png\",\"contentUrl\":\"https:\/\/sandagerbiobraendsel.dk\/wp-content\/uploads\/2024\/12\/Zonekort-klip.png\",\"width\":2218,\"height\":1248},{\"@type\":\"BreadcrumbList\",\"@id\":\"https:\/\/sandagerbiobraendsel.dk\/index.php\/fragt-zoner\/#breadcrumb\",\"itemListElement\":[{\"@type\":\"ListItem\",\"position\":1,\"name\":\"Hjem\",\"item\":\"https:\/\/sandagerbiobraendsel.dk\/\"},{\"@type\":\"ListItem\",\"position\":2,\"name\":\"Fragt zoner\"}]},{\"@type\":\"WebSite\",\"@id\":\"https:\/\/sandagerbiobraendsel.dk\/#website\",\"url\":\"https:\/\/sandagerbiobraendsel.dk\/\",\"name\":\"Sandager Biobr\u00e6ndsel | Tr\u00e6piller, Briketter, Br\u00e6nde\",\"description\":\"Salg af tr\u00e6piller\",\"publisher\":{\"@id\":\"https:\/\/sandagerbiobraendsel.dk\/#organization\"},\"potentialAction\":[{\"@type\":\"SearchAction\",\"target\":{\"@type\":\"EntryPoint\",\"urlTemplate\":\"https:\/\/sandagerbiobraendsel.dk\/?s={search_term_string}\"},\"query-input\":{\"@type\":\"PropertyValueSpecification\",\"valueRequired\":true,\"valueName\":\"search_term_string\"}}],\"inLanguage\":\"da-DK\"},{\"@type\":\"Organization\",\"@id\":\"https:\/\/sandagerbiobraendsel.dk\/#organization\",\"name\":\"Sandager Biobr\u00e6ndsel\",\"url\":\"https:\/\/sandagerbiobraendsel.dk\/\",\"logo\":{\"@type\":\"ImageObject\",\"inLanguage\":\"da-DK\",\"@id\":\"https:\/\/sandagerbiobraendsel.dk\/#\/schema\/logo\/image\/\",\"url\":\"https:\/\/sandagerbiobraendsel.dk\/wp-content\/uploads\/2023\/06\/langbiobraendsel2-2.svg\",\"contentUrl\":\"https:\/\/sandagerbiobraendsel.dk\/wp-content\/uploads\/2023\/06\/langbiobraendsel2-2.svg\",\"width\":97,\"height\":83,\"caption\":\"Sandager Biobr\u00e6ndsel\"},\"image\":{\"@id\":\"https:\/\/sandagerbiobraendsel.dk\/#\/schema\/logo\/image\/\"},\"sameAs\":[\"https:\/\/www.facebook.com\/profile.php?id=100081904594618\"]}]}<\/script>\n<!-- \/ Yoast SEO plugin. -->","yoast_head_json":{"title":"Fragt zoner | Sandager Biobr\u00e6ndsel | Tr\u00e6piller, Briketter, Br\u00e6nde","robots":{"index":"index","follow":"follow","max-snippet":"max-snippet:-1","max-image-preview":"max-image-preview:large","max-video-preview":"max-video-preview:-1"},"canonical":"https:\/\/sandagerbiobraendsel.dk\/index.php\/fragt-zoner\/","og_locale":"da_DK","og_type":"article","og_title":"Fragt zoner | Sandager Biobr\u00e6ndsel | Tr\u00e6piller, Briketter, Br\u00e6nde","og_description":"Fragt zoner Terr\u00e6ng\u00e5ende pallel\u00f8fter Levering med fleksibilitet Hos Sandager Biobr\u00e6ndsel g\u00f8r vi vores bedste for at levere dine varer, pr\u00e6cis hvor du \u00f8nsker det. Vi benytter terr\u00e6ng\u00e5ende pallel\u00f8ftere, som g\u00f8r det muligt i de fleste tilf\u00e6lde at placere pallerne p\u00e5 sv\u00e6rt tilg\u00e6ngelige steder. I travle perioder kan vi dog f\u00e5 hj\u00e6lp fra eksterne fragtfirmaer, hvilket [&hellip;]","og_url":"https:\/\/sandagerbiobraendsel.dk\/index.php\/fragt-zoner\/","og_site_name":"Sandager Biobr\u00e6ndsel | Tr\u00e6piller, Briketter, Br\u00e6nde","article_publisher":"https:\/\/www.facebook.com\/profile.php?id=100081904594618","article_modified_time":"2024-12-07T13:31:17+00:00","og_image":[{"width":2218,"height":1248,"url":"https:\/\/sandagerbiobraendsel.dk\/wp-content\/uploads\/2024\/12\/Zonekort-klip.png","type":"image\/png"}],"twitter_card":"summary_large_image","twitter_misc":{"Estimeret l\u00e6setid":"1 minut"},"schema":{"@context":"https:\/\/schema.org","@graph":[{"@type":"WebPage","@id":"https:\/\/sandagerbiobraendsel.dk\/index.php\/fragt-zoner\/","url":"https:\/\/sandagerbiobraendsel.dk\/index.php\/fragt-zoner\/","name":"Fragt zoner | Sandager Biobr\u00e6ndsel | Tr\u00e6piller, Briketter, Br\u00e6nde","isPartOf":{"@id":"https:\/\/sandagerbiobraendsel.dk\/#website"},"primaryImageOfPage":{"@id":"https:\/\/sandagerbiobraendsel.dk\/index.php\/fragt-zoner\/#primaryimage"},"image":{"@id":"https:\/\/sandagerbiobraendsel.dk\/index.php\/fragt-zoner\/#primaryimage"},"thumbnailUrl":"https:\/\/sandagerbiobraendsel.dk\/wp-content\/uploads\/2024\/12\/Zonekort-klip-1024x576.png","datePublished":"2024-12-07T12:44:55+00:00","dateModified":"2024-12-07T13:31:17+00:00","breadcrumb":{"@id":"https:\/\/sandagerbiobraendsel.dk\/index.php\/fragt-zoner\/#breadcrumb"},"inLanguage":"da-DK","potentialAction":[{"@type":"ReadAction","target":["https:\/\/sandagerbiobraendsel.dk\/index.php\/fragt-zoner\/"]}]},{"@type":"ImageObject","inLanguage":"da-DK","@id":"https:\/\/sandagerbiobraendsel.dk\/index.php\/fragt-zoner\/#primaryimage","url":"https:\/\/sandagerbiobraendsel.dk\/wp-content\/uploads\/2024\/12\/Zonekort-klip.png","contentUrl":"https:\/\/sandagerbiobraendsel.dk\/wp-content\/uploads\/2024\/12\/Zonekort-klip.png","width":2218,"height":1248},{"@type":"BreadcrumbList","@id":"https:\/\/sandagerbiobraendsel.dk\/index.php\/fragt-zoner\/#breadcrumb","itemListElement":[{"@type":"ListItem","position":1,"name":"Hjem","item":"https:\/\/sandagerbiobraendsel.dk\/"},{"@type":"ListItem","position":2,"name":"Fragt zoner"}]},{"@type":"WebSite","@id":"https:\/\/sandagerbiobraendsel.dk\/#website","url":"https:\/\/sandagerbiobraendsel.dk\/","name":"Sandager Biobr\u00e6ndsel | Tr\u00e6piller, Briketter, Br\u00e6nde","description":"Salg af tr\u00e6piller","publisher":{"@id":"https:\/\/sandagerbiobraendsel.dk\/#organization"},"potentialAction":[{"@type":"SearchAction","target":{"@type":"EntryPoint","urlTemplate":"https:\/\/sandagerbiobraendsel.dk\/?s={search_term_string}"},"query-input":{"@type":"PropertyValueSpecification","valueRequired":true,"valueName":"search_term_string"}}],"inLanguage":"da-DK"},{"@type":"Organization","@id":"https:\/\/sandagerbiobraendsel.dk\/#organization","name":"Sandager Biobr\u00e6ndsel","url":"https:\/\/sandagerbiobraendsel.dk\/","logo":{"@type":"ImageObject","inLanguage":"da-DK","@id":"https:\/\/sandagerbiobraendsel.dk\/#\/schema\/logo\/image\/","url":"https:\/\/sandagerbiobraendsel.dk\/wp-content\/uploads\/2023\/06\/langbiobraendsel2-2.svg","contentUrl":"https:\/\/sandagerbiobraendsel.dk\/wp-content\/uploads\/2023\/06\/langbiobraendsel2-2.svg","width":97,"height":83,"caption":"Sandager Biobr\u00e6ndsel"},"image":{"@id":"https:\/\/sandagerbiobraendsel.dk\/#\/schema\/logo\/image\/"},"sameAs":["https:\/\/www.facebook.com\/profile.php?id=100081904594618"]}]}},"jetpack_sharing_enabled":true,"_links":{"self":[{"href":"https:\/\/sandagerbiobraendsel.dk\/index.php\/wp-json\/wp\/v2\/pages\/1683"}],"collection":[{"href":"https:\/\/sandagerbiobraendsel.dk\/index.php\/wp-json\/wp\/v2\/pages"}],"about":[{"href":"https:\/\/sandagerbiobraendsel.dk\/index.php\/wp-json\/wp\/v2\/types\/page"}],"author":[{"embeddable":true,"href":"https:\/\/sandagerbiobraendsel.dk\/index.php\/wp-json\/wp\/v2\/users\/1"}],"replies":[{"embeddable":true,"href":"https:\/\/sandagerbiobraendsel.dk\/index.php\/wp-json\/wp\/v2\/comments?post=1683"}],"version-history":[{"count":10,"href":"https:\/\/sandagerbiobraendsel.dk\/index.php\/wp-json\/wp\/v2\/pages\/1683\/revisions"}],"predecessor-version":[{"id":1699,"href":"https:\/\/sandagerbiobraendsel.dk\/index.php\/wp-json\/wp\/v2\/pages\/1683\/revisions\/1699"}],"wp:attachment":[{"href":"https:\/\/sandagerbiobraendsel.dk\/index.php\/wp-json\/wp\/v2\/media?parent=1683"}],"curies":[{"name":"wp","href":"https:\/\/api.w.org\/{rel}","templated":true}]}}