{"id":2,"date":"2023-03-24T12:53:22","date_gmt":"2023-03-24T11:53:22","guid":{"rendered":"http:\/\/sandagerbiobraendsel.dk\/?page_id=2"},"modified":"2024-09-18T16:40:14","modified_gmt":"2024-09-18T14:40:14","slug":"eksempel-side","status":"publish","type":"page","link":"https:\/\/sandagerbiobraendsel.dk\/index.php\/eksempel-side\/","title":{"rendered":"Om os"},"content":{"rendered":"<p>Sandager Biobr\u00e6ndsel<br>Sandagervej 17<br>5854 Gislev<br>Telefon: +4531272705<br>Email: <a href=\"mailto:info@sandagerbiobraendsel.dk\">info@sandagerbiobraendsel.dk<\/a><\/p><p>Sandager Biobr\u00e6ndsel ejes og drives af<br>JOMA Trading ApS<br>CVR 39451603<\/p><p>Sandager Biobr\u00e6ndsel er en dansk virksomhed, der specialiserer sig i at s\u00e6lge tr\u00e6piller af h\u00f8j kvalitet til b\u00e5de private og virksomheder i Danmark. Virksomheden har eksisteret siden 2022 og har siden da opbygget et ry som en p\u00e5lidelig og kvalitetsbevidst leverand\u00f8r af tr\u00e6piller.<\/p><p>Sandager Biobr\u00e6ndsel tilbyder tr\u00e6piller i forskellige st\u00f8rrelser og kvaliteter, afh\u00e6ngigt af kundernes behov og budget. De tr\u00e6piller vi s\u00e6lger er produceret af rent tr\u00e6flis og savsmuld, og de er fri for tils\u00e6tningsstoffer eller andre former for kemikalier. Virksomheden har ogs\u00e5 fokus p\u00e5 b\u00e6redygtighed og milj\u00f8venlighed og tilbyder tr\u00e6piller, der er certificeret af FSC eller PEFC.<\/p><p>Virksomheden s\u00e6lger tr\u00e6piller b\u00e5de i store s\u00e6kke og i l\u00f8s v\u00e6gt, og de har ogs\u00e5 mulighed for at levere tr\u00e6pillerne direkte til kundernes adresse. Udover tr\u00e6piller tilbyder Sandager Biobr\u00e6ndsel ogs\u00e5 andre former for biobr\u00e6ndsel, s\u00e5som tr\u00e6briketter og br\u00e6ndet\u00f8nder.<\/p><p>Sandager Biobr\u00e6ndsel har et stort fokus p\u00e5 kundeservice og er kendt for at yde god r\u00e5dgivning og vejledning til kunderne. De har ogs\u00e5 en online shop, hvor kunderne nemt kan bestille deres tr\u00e6piller og f\u00e5 dem leveret direkte til d\u00f8ren.<\/p>","protected":false},"excerpt":{"rendered":"<p>Sandager Biobr\u00e6ndselSandagervej 175854 GislevTelefon: +4531272705Email: info@sandagerbiobraendsel.dk Sandager Biobr\u00e6ndsel ejes og drives afJOMA Trading ApSCVR 39451603 Sandager Biobr\u00e6ndsel er en dansk virksomhed, der specialiserer sig i at s\u00e6lge tr\u00e6piller af h\u00f8j kvalitet til b\u00e5de private og virksomheder i Danmark. Virksomheden har eksisteret siden 2022 og har siden da opbygget et ry som en p\u00e5lidelig og kvalitetsbevidst [&hellip;]<\/p>\n","protected":false},"author":1,"featured_media":0,"parent":0,"menu_order":0,"comment_status":"closed","ping_status":"open","template":"","meta":{"_acf_changed":false,"site-sidebar-layout":"default","site-content-layout":"","ast-site-content-layout":"default","site-content-style":"default","site-sidebar-style":"default","ast-global-header-display":"","ast-banner-title-visibility":"","ast-main-header-display":"","ast-hfb-above-header-display":"","ast-hfb-below-header-display":"","ast-hfb-mobile-header-display":"","site-post-title":"","ast-breadcrumbs-content":"","ast-featured-img":"","footer-sml-layout":"","theme-transparent-header-meta":"","adv-header-id-meta":"","stick-header-meta":"","header-above-stick-meta":"","header-main-stick-meta":"","header-below-stick-meta":"","astra-migrate-meta-layouts":"set","ast-page-background-enabled":"default","ast-page-background-meta":{"desktop":{"background-color":"var(--ast-global-color-4)","background-image":"","background-repeat":"repeat","background-position":"center center","background-size":"auto","background-attachment":"scroll","background-type":"","background-media":"","overlay-type":"","overlay-color":"","overlay-gradient":""},"tablet":{"background-color":"","background-image":"","background-repeat":"repeat","background-position":"center center","background-size":"auto","background-attachment":"scroll","background-type":"","background-media":"","overlay-type":"","overlay-color":"","overlay-gradient":""},"mobile":{"background-color":"","background-image":"","background-repeat":"repeat","background-position":"center center","background-size":"auto","background-attachment":"scroll","background-type":"","background-media":"","overlay-type":"","overlay-color":"","overlay-gradient":""}},"ast-content-background-meta":{"desktop":{"background-color":"var(--ast-global-color-5)","background-image":"","background-repeat":"repeat","background-position":"center center","background-size":"auto","background-attachment":"scroll","background-type":"","background-media":"","overlay-type":"","overlay-color":"","overlay-gradient":""},"tablet":{"background-color":"var(--ast-global-color-5)","background-image":"","background-repeat":"repeat","background-position":"center center","background-size":"auto","background-attachment":"scroll","background-type":"","background-media":"","overlay-type":"","overlay-color":"","overlay-gradient":""},"mobile":{"background-color":"var(--ast-global-color-5)","background-image":"","background-repeat":"repeat","background-position":"center center","background-size":"auto","background-attachment":"scroll","background-type":"","background-media":"","overlay-type":"","overlay-color":"","overlay-gradient":""}},"footnotes":""},"class_list":["post-2","page","type-page","status-publish","hentry"],"acf":[],"yoast_head":"<!-- This site is optimized with the Yoast SEO plugin v23.9 - https:\/\/yoast.com\/wordpress\/plugins\/seo\/ -->\n<title>Om os | Sandager Biobr\u00e6ndsel | Tr\u00e6piller, Briketter, Br\u00e6nde<\/title>\n<meta name=\"robots\" content=\"index, follow, max-snippet:-1, max-image-preview:large, max-video-preview:-1\" \/>\n<link rel=\"canonical\" href=\"https:\/\/sandagerbiobraendsel.dk\/index.php\/eksempel-side\/\" \/>\n<meta property=\"og:locale\" content=\"da_DK\" \/>\n<meta property=\"og:type\" content=\"article\" \/>\n<meta property=\"og:title\" content=\"Om os | Sandager Biobr\u00e6ndsel | Tr\u00e6piller, Briketter, Br\u00e6nde\" \/>\n<meta property=\"og:description\" content=\"Sandager Biobr\u00e6ndselSandagervej 175854 GislevTelefon: +4531272705Email: info@sandagerbiobraendsel.dk Sandager Biobr\u00e6ndsel ejes og drives afJOMA Trading ApSCVR 39451603 Sandager Biobr\u00e6ndsel er en dansk virksomhed, der specialiserer sig i at s\u00e6lge tr\u00e6piller af h\u00f8j kvalitet til b\u00e5de private og virksomheder i Danmark. Virksomheden har eksisteret siden 2022 og har siden da opbygget et ry som en p\u00e5lidelig og kvalitetsbevidst [&hellip;]\" \/>\n<meta property=\"og:url\" content=\"https:\/\/sandagerbiobraendsel.dk\/index.php\/eksempel-side\/\" \/>\n<meta property=\"og:site_name\" content=\"Sandager Biobr\u00e6ndsel | Tr\u00e6piller, Briketter, Br\u00e6nde\" \/>\n<meta property=\"article:publisher\" content=\"https:\/\/www.facebook.com\/profile.php?id=100081904594618\" \/>\n<meta property=\"article:modified_time\" content=\"2024-09-18T14:40:14+00:00\" \/>\n<meta property=\"og:image\" content=\"https:\/\/sandagerbiobraendsel.dk\/wp-content\/uploads\/2023\/07\/Udklip4.png\" \/>\n\t<meta property=\"og:image:width\" content=\"606\" \/>\n\t<meta property=\"og:image:height\" content=\"306\" \/>\n\t<meta property=\"og:image:type\" content=\"image\/png\" \/>\n<meta name=\"twitter:card\" content=\"summary_large_image\" \/>\n<meta name=\"twitter:label1\" content=\"Estimeret l\u00e6setid\" \/>\n\t<meta name=\"twitter:data1\" content=\"2 minutter\" \/>\n<script type=\"application\/ld+json\" class=\"yoast-schema-graph\">{\"@context\":\"https:\/\/schema.org\",\"@graph\":[{\"@type\":\"WebPage\",\"@id\":\"https:\/\/sandagerbiobraendsel.dk\/index.php\/eksempel-side\/\",\"url\":\"https:\/\/sandagerbiobraendsel.dk\/index.php\/eksempel-side\/\",\"name\":\"Om os | Sandager Biobr\u00e6ndsel | Tr\u00e6piller, Briketter, Br\u00e6nde\",\"isPartOf\":{\"@id\":\"https:\/\/sandagerbiobraendsel.dk\/#website\"},\"datePublished\":\"2023-03-24T11:53:22+00:00\",\"dateModified\":\"2024-09-18T14:40:14+00:00\",\"breadcrumb\":{\"@id\":\"https:\/\/sandagerbiobraendsel.dk\/index.php\/eksempel-side\/#breadcrumb\"},\"inLanguage\":\"da-DK\",\"potentialAction\":[{\"@type\":\"ReadAction\",\"target\":[\"https:\/\/sandagerbiobraendsel.dk\/index.php\/eksempel-side\/\"]}]},{\"@type\":\"BreadcrumbList\",\"@id\":\"https:\/\/sandagerbiobraendsel.dk\/index.php\/eksempel-side\/#breadcrumb\",\"itemListElement\":[{\"@type\":\"ListItem\",\"position\":1,\"name\":\"Hjem\",\"item\":\"https:\/\/sandagerbiobraendsel.dk\/\"},{\"@type\":\"ListItem\",\"position\":2,\"name\":\"Om os\"}]},{\"@type\":\"WebSite\",\"@id\":\"https:\/\/sandagerbiobraendsel.dk\/#website\",\"url\":\"https:\/\/sandagerbiobraendsel.dk\/\",\"name\":\"Sandager Biobr\u00e6ndsel | Tr\u00e6piller, Briketter, Br\u00e6nde\",\"description\":\"Salg af tr\u00e6piller\",\"publisher\":{\"@id\":\"https:\/\/sandagerbiobraendsel.dk\/#organization\"},\"potentialAction\":[{\"@type\":\"SearchAction\",\"target\":{\"@type\":\"EntryPoint\",\"urlTemplate\":\"https:\/\/sandagerbiobraendsel.dk\/?s={search_term_string}\"},\"query-input\":{\"@type\":\"PropertyValueSpecification\",\"valueRequired\":true,\"valueName\":\"search_term_string\"}}],\"inLanguage\":\"da-DK\"},{\"@type\":\"Organization\",\"@id\":\"https:\/\/sandagerbiobraendsel.dk\/#organization\",\"name\":\"Sandager Biobr\u00e6ndsel\",\"url\":\"https:\/\/sandagerbiobraendsel.dk\/\",\"logo\":{\"@type\":\"ImageObject\",\"inLanguage\":\"da-DK\",\"@id\":\"https:\/\/sandagerbiobraendsel.dk\/#\/schema\/logo\/image\/\",\"url\":\"https:\/\/sandagerbiobraendsel.dk\/wp-content\/uploads\/2023\/06\/langbiobraendsel2-2.svg\",\"contentUrl\":\"https:\/\/sandagerbiobraendsel.dk\/wp-content\/uploads\/2023\/06\/langbiobraendsel2-2.svg\",\"width\":97,\"height\":83,\"caption\":\"Sandager Biobr\u00e6ndsel\"},\"image\":{\"@id\":\"https:\/\/sandagerbiobraendsel.dk\/#\/schema\/logo\/image\/\"},\"sameAs\":[\"https:\/\/www.facebook.com\/profile.php?id=100081904594618\"]}]}<\/script>\n<!-- \/ Yoast SEO plugin. -->","yoast_head_json":{"title":"Om os | Sandager Biobr\u00e6ndsel | Tr\u00e6piller, Briketter, Br\u00e6nde","robots":{"index":"index","follow":"follow","max-snippet":"max-snippet:-1","max-image-preview":"max-image-preview:large","max-video-preview":"max-video-preview:-1"},"canonical":"https:\/\/sandagerbiobraendsel.dk\/index.php\/eksempel-side\/","og_locale":"da_DK","og_type":"article","og_title":"Om os | Sandager Biobr\u00e6ndsel | Tr\u00e6piller, Briketter, Br\u00e6nde","og_description":"Sandager Biobr\u00e6ndselSandagervej 175854 GislevTelefon: +4531272705Email: info@sandagerbiobraendsel.dk Sandager Biobr\u00e6ndsel ejes og drives afJOMA Trading ApSCVR 39451603 Sandager Biobr\u00e6ndsel er en dansk virksomhed, der specialiserer sig i at s\u00e6lge tr\u00e6piller af h\u00f8j kvalitet til b\u00e5de private og virksomheder i Danmark. Virksomheden har eksisteret siden 2022 og har siden da opbygget et ry som en p\u00e5lidelig og kvalitetsbevidst [&hellip;]","og_url":"https:\/\/sandagerbiobraendsel.dk\/index.php\/eksempel-side\/","og_site_name":"Sandager Biobr\u00e6ndsel | Tr\u00e6piller, Briketter, Br\u00e6nde","article_publisher":"https:\/\/www.facebook.com\/profile.php?id=100081904594618","article_modified_time":"2024-09-18T14:40:14+00:00","og_image":[{"width":606,"height":306,"url":"https:\/\/sandagerbiobraendsel.dk\/wp-content\/uploads\/2023\/07\/Udklip4.png","type":"image\/png"}],"twitter_card":"summary_large_image","twitter_misc":{"Estimeret l\u00e6setid":"2 minutter"},"schema":{"@context":"https:\/\/schema.org","@graph":[{"@type":"WebPage","@id":"https:\/\/sandagerbiobraendsel.dk\/index.php\/eksempel-side\/","url":"https:\/\/sandagerbiobraendsel.dk\/index.php\/eksempel-side\/","name":"Om os | Sandager Biobr\u00e6ndsel | Tr\u00e6piller, Briketter, Br\u00e6nde","isPartOf":{"@id":"https:\/\/sandagerbiobraendsel.dk\/#website"},"datePublished":"2023-03-24T11:53:22+00:00","dateModified":"2024-09-18T14:40:14+00:00","breadcrumb":{"@id":"https:\/\/sandagerbiobraendsel.dk\/index.php\/eksempel-side\/#breadcrumb"},"inLanguage":"da-DK","potentialAction":[{"@type":"ReadAction","target":["https:\/\/sandagerbiobraendsel.dk\/index.php\/eksempel-side\/"]}]},{"@type":"BreadcrumbList","@id":"https:\/\/sandagerbiobraendsel.dk\/index.php\/eksempel-side\/#breadcrumb","itemListElement":[{"@type":"ListItem","position":1,"name":"Hjem","item":"https:\/\/sandagerbiobraendsel.dk\/"},{"@type":"ListItem","position":2,"name":"Om os"}]},{"@type":"WebSite","@id":"https:\/\/sandagerbiobraendsel.dk\/#website","url":"https:\/\/sandagerbiobraendsel.dk\/","name":"Sandager Biobr\u00e6ndsel | Tr\u00e6piller, Briketter, Br\u00e6nde","description":"Salg af tr\u00e6piller","publisher":{"@id":"https:\/\/sandagerbiobraendsel.dk\/#organization"},"potentialAction":[{"@type":"SearchAction","target":{"@type":"EntryPoint","urlTemplate":"https:\/\/sandagerbiobraendsel.dk\/?s={search_term_string}"},"query-input":{"@type":"PropertyValueSpecification","valueRequired":true,"valueName":"search_term_string"}}],"inLanguage":"da-DK"},{"@type":"Organization","@id":"https:\/\/sandagerbiobraendsel.dk\/#organization","name":"Sandager Biobr\u00e6ndsel","url":"https:\/\/sandagerbiobraendsel.dk\/","logo":{"@type":"ImageObject","inLanguage":"da-DK","@id":"https:\/\/sandagerbiobraendsel.dk\/#\/schema\/logo\/image\/","url":"https:\/\/sandagerbiobraendsel.dk\/wp-content\/uploads\/2023\/06\/langbiobraendsel2-2.svg","contentUrl":"https:\/\/sandagerbiobraendsel.dk\/wp-content\/uploads\/2023\/06\/langbiobraendsel2-2.svg","width":97,"height":83,"caption":"Sandager Biobr\u00e6ndsel"},"image":{"@id":"https:\/\/sandagerbiobraendsel.dk\/#\/schema\/logo\/image\/"},"sameAs":["https:\/\/www.facebook.com\/profile.php?id=100081904594618"]}]}},"jetpack_sharing_enabled":true,"_links":{"self":[{"href":"https:\/\/sandagerbiobraendsel.dk\/index.php\/wp-json\/wp\/v2\/pages\/2"}],"collection":[{"href":"https:\/\/sandagerbiobraendsel.dk\/index.php\/wp-json\/wp\/v2\/pages"}],"about":[{"href":"https:\/\/sandagerbiobraendsel.dk\/index.php\/wp-json\/wp\/v2\/types\/page"}],"author":[{"embeddable":true,"href":"https:\/\/sandagerbiobraendsel.dk\/index.php\/wp-json\/wp\/v2\/users\/1"}],"replies":[{"embeddable":true,"href":"https:\/\/sandagerbiobraendsel.dk\/index.php\/wp-json\/wp\/v2\/comments?post=2"}],"version-history":[{"count":8,"href":"https:\/\/sandagerbiobraendsel.dk\/index.php\/wp-json\/wp\/v2\/pages\/2\/revisions"}],"predecessor-version":[{"id":1462,"href":"https:\/\/sandagerbiobraendsel.dk\/index.php\/wp-json\/wp\/v2\/pages\/2\/revisions\/1462"}],"wp:attachment":[{"href":"https:\/\/sandagerbiobraendsel.dk\/index.php\/wp-json\/wp\/v2\/media?parent=2"}],"curies":[{"name":"wp","href":"https:\/\/api.w.org\/{rel}","templated":true}]}}