{"id":242,"date":"2023-05-08T19:09:00","date_gmt":"2023-05-08T17:09:00","guid":{"rendered":"https:\/\/sandagerbiobraendsel.dk\/?page_id=242"},"modified":"2024-04-23T18:43:27","modified_gmt":"2024-04-23T16:43:27","slug":"handelsbetingelser","status":"publish","type":"page","link":"https:\/\/sandagerbiobraendsel.dk\/index.php\/handelsbetingelser\/","title":{"rendered":"Handelsbetingelser"},"content":{"rendered":"<p>Sandager Biobr\u00e6ndsel<br>Sandagervej 17<br>5854 Gislev<br>Telefon: 31373705<br>Email: <a href=\"mailto:info@sandagerbiobraendsel.dk\">info@sandagerbiobraendsel.dk<\/a><\/p><p>Sandager Biobr\u00e6ndsel ejes og drives af<br>JOMA Trading ApS<br>CVR 39451603<\/p><p><\/p><p><strong>Forsendelse \/ levering af tr\u00e6piller<\/strong><\/p><p>N\u00e5r du har bestilt en eller flere varer og ordren samt betalingen er gennemf\u00f8rt, sendes din vare inden for 5-10 arbejdsdage (undtagen l\u00f8r. s\u00f8n. og helligdage).<br>Alle paller leveres til kantsten vedhj\u00e6lp af en standard pallel\u00f8fter. Derfor skal der v\u00e6re k\u00f8refast underlag, og der kan ikke leveres p\u00e5 gr\u00e6s eller grus.<br>For at lastbilen kan komme frem til leveringsadressen, skal der min. V\u00e6re 4 meters frih\u00f8jde og 3 meter i bredden. Dette kan betyder, at levering i fx sommerhusomr\u00e5der kan v\u00e6re en udfordring.<br>Der kan v\u00e6re enkelte tilf\u00e6lde, hvor en ordre m\u00e5 annulleres efter afsendelse, hvis chauff\u00f8ren vurderer, det ikke er muligt at levere til den angivne adresse. Hvis leveringsadressen ikke lever op til overst\u00e5ende krav om underlag og plads, vil kunden blive opkr\u00e6vet forg\u00e6ves fragtomkostninger.<\/p><p>Skulle tr\u00e6pillerne mod forventning ikke dukke op, skal du kontakte os p\u00e5 email: sandagerbiobr\u00e6ndsel@gmail.com<\/p><p><strong>Privatlivspolitik og sikkerhed<\/strong><\/p><p>Ingen af de indtaste oplysninger ved en handel, videregives eller s\u00e6lges til tredjepart.<br>Hele vores hjemmeside er krypteret med &#8220;HTTPS&#8221; sikkerhed. N\u00e5r du bliver sendt videre til vores betalingsvindue er det &#8220;SSL&#8221; krypteret og derfor kan du v\u00e6re sikker p\u00e5 at dine indtastede oplysninger aldrig bliver delt med nogen andre, heller ikke os selv.<\/p><p><strong>Returret<\/strong><br>Du har 14 dages returret, hvor du selv skal betale portoen for returfragten. Returvarer bedes vedlagt navn og fakturanummer. Alle varer SKAL returfragtes i original og ubeskadiget emballage, dvs. evt. pallerne skal v\u00e6re i samme stand som ved modtagelsen. Forskellige sikringer\/klisterm\u00e6rker skal v\u00e6re ubrudte.<\/p><p>Tilbagebetalingen af varen vil ske indenfor 5-10 dage efter modtagelse af returvaren.<\/p><p>Hvis der opst\u00e5r problemer eller andet er du altid velkommen til at kontakte os. Vi er kun interesseret i fuldt tilfredse kunder. Der findes en l\u00f8sning p\u00e5 et hvert problem.<\/p><p><strong>Reklamationsret<\/strong><br>Der er reklamationsret p\u00e5 varerne k\u00f8bt p\u00e5 Sandager Biobr\u00e6ndsel i overensstemmelse med k\u00f8beloven.<br>S\u00e5fremt du modtager en forkert vare eller varen er defekt ved modtagelse, udbedre vi naturligvis fejlen hurtigst muligt. Vi ombytter og fremsender straks en ny vare, n\u00e5r den forkerte eller defekte vare er modtaget retur.<br>Du opfordres til straks ved modtagelse og inden varerne tages i brug, at sikre dig at disse er korrekte og mangelfri, herunder at antal\/m\u00e6ngder stemmer overens med fakturaen\/f\u00f8lgesedlen. Henvendelse vedr. Reklamationer skal ske til Sandager Biobr\u00e6ndsel inden rimelig tid efter manglen er eller burde v\u00e6re opdaget. K\u00f8belovens frister for reklamationer er g\u00e6ldende.<br>Hvis varen har en mangel, vil denne blive ombyttet eller du vil blive tilbudt afslag i prisen eller pengene tilbage, alt afh\u00e6ngig af manglen og dine \u00f8nsker. K\u00f8belovens mangelsregler g\u00e6lder, og du har de rettigheder, der fremg\u00e5r heraf.<\/p><p><strong>G\u00e6ldende lov<\/strong><br>For alle tvister og juridiske uoverensstemmelser i henhold til disse handelsbetingelser eller efterf\u00f8lgende individuelle aftaler, er dansk lov g\u00e6ldende. Hverken den internationale k\u00f8belov (CIGS) eller andre f\u00e6lleseurop\u00e6iske lovgivninger skal finde anvendelse. Ved forbrugeraftaler g\u00e6lder lovens betingelser uanset, hvor forbrueren er bosat.  <\/p><p><strong>Klagemuligheder<\/strong><br>En klage over en vare eller tjenesteydelse kan indgives via Klageportalen til Center for klagel\u00f8sning, N\u00e6vnenes Hus, Toldboden 2, 8800 Viborg.<br>Hvis du er forbruger med bop\u00e6l i et andet EU-land, kan du angive din klage i EU Kommissionen online klageplatform. <a href=\"http:\/\/ec.europa.eu\/consumers\/odr\/\">http:\/\/ec.europa.eu\/consumers\/odr\/<\/a><\/p><p><strong>Forbehold<\/strong><br>Der tages forbehold for prisfejl\/tastefejl, pris\u00e6ndringer og udsolgte varer.<\/p><p>Vi kan ikke garantere, at de farver, som vises p\u00e5 hjemmesiden, pr\u00e6cist gengiver de farver, produktet faktisk har. Det kan bl.a. afh\u00e6nge af dine computerindstillinger.<\/p>","protected":false},"excerpt":{"rendered":"<p>Sandager Biobr\u00e6ndselSandagervej 175854 GislevTelefon: 31373705Email: info@sandagerbiobraendsel.dk Sandager Biobr\u00e6ndsel ejes og drives afJOMA Trading ApSCVR 39451603 Forsendelse \/ levering af tr\u00e6piller N\u00e5r du har bestilt en eller flere varer og ordren samt betalingen er gennemf\u00f8rt, sendes din vare inden for 5-10 arbejdsdage (undtagen l\u00f8r. s\u00f8n. og helligdage).Alle paller leveres til kantsten vedhj\u00e6lp af en standard pallel\u00f8fter. [&hellip;]<\/p>\n","protected":false},"author":1,"featured_media":0,"parent":0,"menu_order":0,"comment_status":"closed","ping_status":"closed","template":"","meta":{"_acf_changed":false,"site-sidebar-layout":"default","site-content-layout":"","ast-site-content-layout":"default","site-content-style":"default","site-sidebar-style":"default","ast-global-header-display":"","ast-banner-title-visibility":"","ast-main-header-display":"","ast-hfb-above-header-display":"","ast-hfb-below-header-display":"","ast-hfb-mobile-header-display":"","site-post-title":"","ast-breadcrumbs-content":"","ast-featured-img":"","footer-sml-layout":"","theme-transparent-header-meta":"","adv-header-id-meta":"","stick-header-meta":"","header-above-stick-meta":"","header-main-stick-meta":"","header-below-stick-meta":"","astra-migrate-meta-layouts":"set","ast-page-background-enabled":"default","ast-page-background-meta":{"desktop":{"background-color":"var(--ast-global-color-4)","background-image":"","background-repeat":"repeat","background-position":"center center","background-size":"auto","background-attachment":"scroll","background-type":"","background-media":"","overlay-type":"","overlay-color":"","overlay-gradient":""},"tablet":{"background-color":"","background-image":"","background-repeat":"repeat","background-position":"center center","background-size":"auto","background-attachment":"scroll","background-type":"","background-media":"","overlay-type":"","overlay-color":"","overlay-gradient":""},"mobile":{"background-color":"","background-image":"","background-repeat":"repeat","background-position":"center center","background-size":"auto","background-attachment":"scroll","background-type":"","background-media":"","overlay-type":"","overlay-color":"","overlay-gradient":""}},"ast-content-background-meta":{"desktop":{"background-color":"var(--ast-global-color-5)","background-image":"","background-repeat":"repeat","background-position":"center center","background-size":"auto","background-attachment":"scroll","background-type":"","background-media":"","overlay-type":"","overlay-color":"","overlay-gradient":""},"tablet":{"background-color":"var(--ast-global-color-5)","background-image":"","background-repeat":"repeat","background-position":"center center","background-size":"auto","background-attachment":"scroll","background-type":"","background-media":"","overlay-type":"","overlay-color":"","overlay-gradient":""},"mobile":{"background-color":"var(--ast-global-color-5)","background-image":"","background-repeat":"repeat","background-position":"center center","background-size":"auto","background-attachment":"scroll","background-type":"","background-media":"","overlay-type":"","overlay-color":"","overlay-gradient":""}},"footnotes":""},"class_list":["post-242","page","type-page","status-publish","hentry"],"acf":[],"yoast_head":"<!-- This site is optimized with the Yoast SEO plugin v23.9 - https:\/\/yoast.com\/wordpress\/plugins\/seo\/ -->\n<title>Handelsbetingelser | Sandager Biobr\u00e6ndsel | Tr\u00e6piller, Briketter, Br\u00e6nde<\/title>\n<meta name=\"robots\" content=\"index, follow, max-snippet:-1, max-image-preview:large, max-video-preview:-1\" \/>\n<link rel=\"canonical\" href=\"https:\/\/sandagerbiobraendsel.dk\/index.php\/handelsbetingelser\/\" \/>\n<meta property=\"og:locale\" content=\"da_DK\" \/>\n<meta property=\"og:type\" content=\"article\" \/>\n<meta property=\"og:title\" content=\"Handelsbetingelser | Sandager Biobr\u00e6ndsel | Tr\u00e6piller, Briketter, Br\u00e6nde\" \/>\n<meta property=\"og:description\" content=\"Sandager Biobr\u00e6ndselSandagervej 175854 GislevTelefon: 31373705Email: info@sandagerbiobraendsel.dk Sandager Biobr\u00e6ndsel ejes og drives afJOMA Trading ApSCVR 39451603 Forsendelse \/ levering af tr\u00e6piller N\u00e5r du har bestilt en eller flere varer og ordren samt betalingen er gennemf\u00f8rt, sendes din vare inden for 5-10 arbejdsdage (undtagen l\u00f8r. s\u00f8n. og helligdage).Alle paller leveres til kantsten vedhj\u00e6lp af en standard pallel\u00f8fter. [&hellip;]\" \/>\n<meta property=\"og:url\" content=\"https:\/\/sandagerbiobraendsel.dk\/index.php\/handelsbetingelser\/\" \/>\n<meta property=\"og:site_name\" content=\"Sandager Biobr\u00e6ndsel | Tr\u00e6piller, Briketter, Br\u00e6nde\" \/>\n<meta property=\"article:publisher\" content=\"https:\/\/www.facebook.com\/profile.php?id=100081904594618\" \/>\n<meta property=\"article:modified_time\" content=\"2024-04-23T16:43:27+00:00\" \/>\n<meta property=\"og:image\" content=\"https:\/\/sandagerbiobraendsel.dk\/wp-content\/uploads\/2023\/07\/Udklip4.png\" \/>\n\t<meta property=\"og:image:width\" content=\"606\" \/>\n\t<meta property=\"og:image:height\" content=\"306\" \/>\n\t<meta property=\"og:image:type\" content=\"image\/png\" \/>\n<meta name=\"twitter:card\" content=\"summary_large_image\" \/>\n<meta name=\"twitter:label1\" content=\"Estimeret l\u00e6setid\" \/>\n\t<meta name=\"twitter:data1\" content=\"4 minutter\" \/>\n<script type=\"application\/ld+json\" class=\"yoast-schema-graph\">{\"@context\":\"https:\/\/schema.org\",\"@graph\":[{\"@type\":\"WebPage\",\"@id\":\"https:\/\/sandagerbiobraendsel.dk\/index.php\/handelsbetingelser\/\",\"url\":\"https:\/\/sandagerbiobraendsel.dk\/index.php\/handelsbetingelser\/\",\"name\":\"Handelsbetingelser | Sandager Biobr\u00e6ndsel | Tr\u00e6piller, Briketter, Br\u00e6nde\",\"isPartOf\":{\"@id\":\"https:\/\/sandagerbiobraendsel.dk\/#website\"},\"datePublished\":\"2023-05-08T17:09:00+00:00\",\"dateModified\":\"2024-04-23T16:43:27+00:00\",\"breadcrumb\":{\"@id\":\"https:\/\/sandagerbiobraendsel.dk\/index.php\/handelsbetingelser\/#breadcrumb\"},\"inLanguage\":\"da-DK\",\"potentialAction\":[{\"@type\":\"ReadAction\",\"target\":[\"https:\/\/sandagerbiobraendsel.dk\/index.php\/handelsbetingelser\/\"]}]},{\"@type\":\"BreadcrumbList\",\"@id\":\"https:\/\/sandagerbiobraendsel.dk\/index.php\/handelsbetingelser\/#breadcrumb\",\"itemListElement\":[{\"@type\":\"ListItem\",\"position\":1,\"name\":\"Hjem\",\"item\":\"https:\/\/sandagerbiobraendsel.dk\/\"},{\"@type\":\"ListItem\",\"position\":2,\"name\":\"Handelsbetingelser\"}]},{\"@type\":\"WebSite\",\"@id\":\"https:\/\/sandagerbiobraendsel.dk\/#website\",\"url\":\"https:\/\/sandagerbiobraendsel.dk\/\",\"name\":\"Sandager Biobr\u00e6ndsel | Tr\u00e6piller, Briketter, Br\u00e6nde\",\"description\":\"Salg af tr\u00e6piller\",\"publisher\":{\"@id\":\"https:\/\/sandagerbiobraendsel.dk\/#organization\"},\"potentialAction\":[{\"@type\":\"SearchAction\",\"target\":{\"@type\":\"EntryPoint\",\"urlTemplate\":\"https:\/\/sandagerbiobraendsel.dk\/?s={search_term_string}\"},\"query-input\":{\"@type\":\"PropertyValueSpecification\",\"valueRequired\":true,\"valueName\":\"search_term_string\"}}],\"inLanguage\":\"da-DK\"},{\"@type\":\"Organization\",\"@id\":\"https:\/\/sandagerbiobraendsel.dk\/#organization\",\"name\":\"Sandager Biobr\u00e6ndsel\",\"url\":\"https:\/\/sandagerbiobraendsel.dk\/\",\"logo\":{\"@type\":\"ImageObject\",\"inLanguage\":\"da-DK\",\"@id\":\"https:\/\/sandagerbiobraendsel.dk\/#\/schema\/logo\/image\/\",\"url\":\"https:\/\/sandagerbiobraendsel.dk\/wp-content\/uploads\/2023\/06\/langbiobraendsel2-2.svg\",\"contentUrl\":\"https:\/\/sandagerbiobraendsel.dk\/wp-content\/uploads\/2023\/06\/langbiobraendsel2-2.svg\",\"width\":97,\"height\":83,\"caption\":\"Sandager Biobr\u00e6ndsel\"},\"image\":{\"@id\":\"https:\/\/sandagerbiobraendsel.dk\/#\/schema\/logo\/image\/\"},\"sameAs\":[\"https:\/\/www.facebook.com\/profile.php?id=100081904594618\"]}]}<\/script>\n<!-- \/ Yoast SEO plugin. -->","yoast_head_json":{"title":"Handelsbetingelser | Sandager Biobr\u00e6ndsel | Tr\u00e6piller, Briketter, Br\u00e6nde","robots":{"index":"index","follow":"follow","max-snippet":"max-snippet:-1","max-image-preview":"max-image-preview:large","max-video-preview":"max-video-preview:-1"},"canonical":"https:\/\/sandagerbiobraendsel.dk\/index.php\/handelsbetingelser\/","og_locale":"da_DK","og_type":"article","og_title":"Handelsbetingelser | Sandager Biobr\u00e6ndsel | Tr\u00e6piller, Briketter, Br\u00e6nde","og_description":"Sandager Biobr\u00e6ndselSandagervej 175854 GislevTelefon: 31373705Email: info@sandagerbiobraendsel.dk Sandager Biobr\u00e6ndsel ejes og drives afJOMA Trading ApSCVR 39451603 Forsendelse \/ levering af tr\u00e6piller N\u00e5r du har bestilt en eller flere varer og ordren samt betalingen er gennemf\u00f8rt, sendes din vare inden for 5-10 arbejdsdage (undtagen l\u00f8r. s\u00f8n. og helligdage).Alle paller leveres til kantsten vedhj\u00e6lp af en standard pallel\u00f8fter. [&hellip;]","og_url":"https:\/\/sandagerbiobraendsel.dk\/index.php\/handelsbetingelser\/","og_site_name":"Sandager Biobr\u00e6ndsel | Tr\u00e6piller, Briketter, Br\u00e6nde","article_publisher":"https:\/\/www.facebook.com\/profile.php?id=100081904594618","article_modified_time":"2024-04-23T16:43:27+00:00","og_image":[{"width":606,"height":306,"url":"https:\/\/sandagerbiobraendsel.dk\/wp-content\/uploads\/2023\/07\/Udklip4.png","type":"image\/png"}],"twitter_card":"summary_large_image","twitter_misc":{"Estimeret l\u00e6setid":"4 minutter"},"schema":{"@context":"https:\/\/schema.org","@graph":[{"@type":"WebPage","@id":"https:\/\/sandagerbiobraendsel.dk\/index.php\/handelsbetingelser\/","url":"https:\/\/sandagerbiobraendsel.dk\/index.php\/handelsbetingelser\/","name":"Handelsbetingelser | Sandager Biobr\u00e6ndsel | Tr\u00e6piller, Briketter, Br\u00e6nde","isPartOf":{"@id":"https:\/\/sandagerbiobraendsel.dk\/#website"},"datePublished":"2023-05-08T17:09:00+00:00","dateModified":"2024-04-23T16:43:27+00:00","breadcrumb":{"@id":"https:\/\/sandagerbiobraendsel.dk\/index.php\/handelsbetingelser\/#breadcrumb"},"inLanguage":"da-DK","potentialAction":[{"@type":"ReadAction","target":["https:\/\/sandagerbiobraendsel.dk\/index.php\/handelsbetingelser\/"]}]},{"@type":"BreadcrumbList","@id":"https:\/\/sandagerbiobraendsel.dk\/index.php\/handelsbetingelser\/#breadcrumb","itemListElement":[{"@type":"ListItem","position":1,"name":"Hjem","item":"https:\/\/sandagerbiobraendsel.dk\/"},{"@type":"ListItem","position":2,"name":"Handelsbetingelser"}]},{"@type":"WebSite","@id":"https:\/\/sandagerbiobraendsel.dk\/#website","url":"https:\/\/sandagerbiobraendsel.dk\/","name":"Sandager Biobr\u00e6ndsel | Tr\u00e6piller, Briketter, Br\u00e6nde","description":"Salg af tr\u00e6piller","publisher":{"@id":"https:\/\/sandagerbiobraendsel.dk\/#organization"},"potentialAction":[{"@type":"SearchAction","target":{"@type":"EntryPoint","urlTemplate":"https:\/\/sandagerbiobraendsel.dk\/?s={search_term_string}"},"query-input":{"@type":"PropertyValueSpecification","valueRequired":true,"valueName":"search_term_string"}}],"inLanguage":"da-DK"},{"@type":"Organization","@id":"https:\/\/sandagerbiobraendsel.dk\/#organization","name":"Sandager Biobr\u00e6ndsel","url":"https:\/\/sandagerbiobraendsel.dk\/","logo":{"@type":"ImageObject","inLanguage":"da-DK","@id":"https:\/\/sandagerbiobraendsel.dk\/#\/schema\/logo\/image\/","url":"https:\/\/sandagerbiobraendsel.dk\/wp-content\/uploads\/2023\/06\/langbiobraendsel2-2.svg","contentUrl":"https:\/\/sandagerbiobraendsel.dk\/wp-content\/uploads\/2023\/06\/langbiobraendsel2-2.svg","width":97,"height":83,"caption":"Sandager Biobr\u00e6ndsel"},"image":{"@id":"https:\/\/sandagerbiobraendsel.dk\/#\/schema\/logo\/image\/"},"sameAs":["https:\/\/www.facebook.com\/profile.php?id=100081904594618"]}]}},"jetpack_sharing_enabled":true,"_links":{"self":[{"href":"https:\/\/sandagerbiobraendsel.dk\/index.php\/wp-json\/wp\/v2\/pages\/242"}],"collection":[{"href":"https:\/\/sandagerbiobraendsel.dk\/index.php\/wp-json\/wp\/v2\/pages"}],"about":[{"href":"https:\/\/sandagerbiobraendsel.dk\/index.php\/wp-json\/wp\/v2\/types\/page"}],"author":[{"embeddable":true,"href":"https:\/\/sandagerbiobraendsel.dk\/index.php\/wp-json\/wp\/v2\/users\/1"}],"replies":[{"embeddable":true,"href":"https:\/\/sandagerbiobraendsel.dk\/index.php\/wp-json\/wp\/v2\/comments?post=242"}],"version-history":[{"count":5,"href":"https:\/\/sandagerbiobraendsel.dk\/index.php\/wp-json\/wp\/v2\/pages\/242\/revisions"}],"predecessor-version":[{"id":881,"href":"https:\/\/sandagerbiobraendsel.dk\/index.php\/wp-json\/wp\/v2\/pages\/242\/revisions\/881"}],"wp:attachment":[{"href":"https:\/\/sandagerbiobraendsel.dk\/index.php\/wp-json\/wp\/v2\/media?parent=242"}],"curies":[{"name":"wp","href":"https:\/\/api.w.org\/{rel}","templated":true}]}}