{"id":34,"date":"2023-03-24T21:39:23","date_gmt":"2023-03-24T20:39:23","guid":{"rendered":"http:\/\/sandagerbiobraendsel.dk\/index.php\/forside\/"},"modified":"2024-04-30T21:24:08","modified_gmt":"2024-04-30T19:24:08","slug":"forside","status":"publish","type":"page","link":"https:\/\/sandagerbiobraendsel.dk\/index.php\/forside\/","title":{"rendered":"Om Biobr\u00e6ndsel"},"content":{"rendered":"\t\t<div data-elementor-type=\"wp-page\" data-elementor-id=\"34\" class=\"elementor elementor-34\" data-elementor-post-type=\"page\">\n\t\t\t\t\t\t<section class=\"elementor-section elementor-top-section elementor-element elementor-element-3067bcf6 elementor-section-boxed elementor-section-height-default elementor-section-height-default\" data-id=\"3067bcf6\" data-element_type=\"section\">\n\t\t\t\t\t\t<div class=\"elementor-container elementor-column-gap-default\">\n\t\t\t\t\t<div class=\"elementor-column elementor-col-100 elementor-top-column elementor-element elementor-element-16e21340\" data-id=\"16e21340\" data-element_type=\"column\">\n\t\t\t<div class=\"elementor-widget-wrap elementor-element-populated\">\n\t\t\t\t\t\t<div class=\"elementor-element elementor-element-530f0778 elementor-widget elementor-widget-text-editor\" data-id=\"530f0778\" data-element_type=\"widget\" data-widget_type=\"text-editor.default\">\n\t\t\t\t<div class=\"elementor-widget-container\">\n\t\t\t\t\t\t\t<p><!-- wp:media-text {\"mediaId\":115,\"mediaLink\":\"https:\/\/sandagerbiobraendsel.dk\/index.php\/forside\/skaermbillede-2023-03-31-172352\/\",\"mediaType\":\"image\"} --><\/p>\n<div class=\"wp-block-media-text alignwide is-stacked-on-mobile\">\n<figure class=\"wp-block-media-text__media\"><\/figure>\n<div class=\"wp-block-media-text__content\">\n<div><span style=\"font-size: 16px;\">Milj\u00f8venligt: Biobr\u00e6ndsel er en milj\u00f8venlig br\u00e6ndstofkilde, fordi det er lavet af naturlige, b\u00e6redygtige materialer, som ikke udleder skadelige kemikalier eller gasser. N\u00e5r man bruger biobr\u00e6ndsel til opvarmning, producerer man mindre CO2 end ved traditionelle br\u00e6ndsler.<\/span><\/div>\n<\/div>\n<\/div>\n<div class=\"wp-block-media-text alignwide has-media-on-the-right is-stacked-on-mobile\">\n<div class=\"wp-block-media-text__content\">\n<p><!-- \/wp:paragraph --><\/p>\n<p><!-- wp:paragraph --><\/p>\n<p>Lavere omkostninger: Brug af biobr\u00e6ndsel som fyringsmiddel kan betyde lavere omkostninger i forhold til traditionelle br\u00e6ndsler. Biobr\u00e6ndsel er ofte billigere og kan v\u00e6re mere tilg\u00e6ngeligt end fossile br\u00e6ndsler, hvilket kan f\u00f8re til besparelser p\u00e5 varmeregningen.<\/p>\n<p><!-- \/wp:paragraph --><\/p>\n<p><!-- wp:paragraph --><\/p>\n<p>Reduceret afh\u00e6ngighed af fossile br\u00e6ndsler: Biobr\u00e6ndsel kan v\u00e6re med til at reducere vores afh\u00e6ngighed af fossile br\u00e6ndsler, som er en begr\u00e6nset ressource. Ved at skifte til biobr\u00e6ndsel kan man bidrage til at bevare og beskytte vores planet og dens ressourcer.<\/p>\n<p><!-- \/wp:paragraph --><\/p>\n<p><!-- wp:paragraph --><\/p>\n<p>\u00d8get brug af lokale ressourcer: Biobr\u00e6ndsel kan v\u00e6re lavet af lokale ressourcer, s\u00e5som tr\u00e6, halm og andet organisk materiale, der kan dyrkes lokalt. Ved at bruge lokale ressourcer kan man skabe jobmuligheder og styrke den lokale \u00f8konomi.<\/p>\n<p><!-- \/wp:paragraph --><\/p>\n<p><!-- wp:paragraph --><\/p>\n<p>Lavere risiko for kemiske affaldsstoffer: Biobr\u00e6ndsel indeholder normalt f\u00e6rre kemikalier og affaldsstoffer end traditionelle br\u00e6ndsler, hvilket kan f\u00f8re til bedre luftkvalitet og mindre risiko for sundhedsproblemer.<\/p>\n<p><!-- \/wp:paragraph --><\/p>\n<\/div>\n<figure class=\"wp-block-media-text__media\"><img fetchpriority=\"high\" decoding=\"async\" width=\"1024\" height=\"700\" class=\"wp-image-70 size-full\" src=\"https:\/\/sandagerbiobraendsel.dk\/wp-content\/uploads\/2023\/03\/Skaermbillede-2023-03-28-171455-1024x700.png\" alt=\"\" srcset=\"https:\/\/sandagerbiobraendsel.dk\/wp-content\/uploads\/2023\/03\/Skaermbillede-2023-03-28-171455-1024x700.png 1024w, https:\/\/sandagerbiobraendsel.dk\/wp-content\/uploads\/2023\/03\/Skaermbillede-2023-03-28-171455-300x205.png 300w, https:\/\/sandagerbiobraendsel.dk\/wp-content\/uploads\/2023\/03\/Skaermbillede-2023-03-28-171455-768x525.png 768w, https:\/\/sandagerbiobraendsel.dk\/wp-content\/uploads\/2023\/03\/Skaermbillede-2023-03-28-171455-600x410.png 600w, https:\/\/sandagerbiobraendsel.dk\/wp-content\/uploads\/2023\/03\/Skaermbillede-2023-03-28-171455.png 1220w\" sizes=\"(max-width: 1024px) 100vw, 1024px\" \/><\/figure>\n<\/div>\n<p><!-- \/wp:media-text --><\/p>\n<p><!-- wp:media-text {\"mediaId\":71,\"mediaLink\":\"https:\/\/sandagerbiobraendsel.dk\/index.php\/forside\/skaermbillede-2023-03-28-172802\/\",\"mediaType\":\"image\"} --><\/p>\n<div class=\"wp-block-media-text alignwide is-stacked-on-mobile\">\n<figure class=\"wp-block-media-text__media\"><img decoding=\"async\" width=\"1024\" height=\"580\" class=\"wp-image-71 size-full\" src=\"https:\/\/sandagerbiobraendsel.dk\/wp-content\/uploads\/2023\/03\/Skaermbillede-2023-03-28-172802-1024x580.png\" alt=\"\" srcset=\"https:\/\/sandagerbiobraendsel.dk\/wp-content\/uploads\/2023\/03\/Skaermbillede-2023-03-28-172802-1024x580.png 1024w, https:\/\/sandagerbiobraendsel.dk\/wp-content\/uploads\/2023\/03\/Skaermbillede-2023-03-28-172802-300x170.png 300w, https:\/\/sandagerbiobraendsel.dk\/wp-content\/uploads\/2023\/03\/Skaermbillede-2023-03-28-172802-768x435.png 768w, https:\/\/sandagerbiobraendsel.dk\/wp-content\/uploads\/2023\/03\/Skaermbillede-2023-03-28-172802-1536x870.png 1536w, https:\/\/sandagerbiobraendsel.dk\/wp-content\/uploads\/2023\/03\/Skaermbillede-2023-03-28-172802-600x340.png 600w, https:\/\/sandagerbiobraendsel.dk\/wp-content\/uploads\/2023\/03\/Skaermbillede-2023-03-28-172802.png 1554w\" sizes=\"(max-width: 1024px) 100vw, 1024px\" \/><\/figure>\n<div class=\"wp-block-media-text__content\">\n<p><!-- wp:paragraph --><\/p>\n<p>Du kan potentielt spare penge p\u00e5 din varmeregning ved at bruge biobr\u00e6ndsel som tr\u00e6piller, da de normalt er billigere end traditionelle fossile br\u00e6ndstoffer. Biobr\u00e6ndsel som tr\u00e6piller er ogs\u00e5 kendt for deres h\u00f8je energiindhold, hvilket betyder, at mindre br\u00e6ndstof kan anvendes for at opn\u00e5 den samme m\u00e6ngde varme, hvilket ogs\u00e5 kan f\u00f8re til yderligere besparelser.<\/p>\n<p><!-- \/wp:paragraph --><\/p>\n<p><!-- wp:paragraph --><\/p>\n<p>Det er ogs\u00e5 vigtigt at huske p\u00e5, at prisen p\u00e5 biobr\u00e6ndsel kan variere afh\u00e6ngigt af faktorer som s\u00e6son, udbud og eftersp\u00f8rgsel og produktion, s\u00e5 det er en god id\u00e9 at holde sig opdateret p\u00e5 priserne.<\/p>\n<p><!-- \/wp:paragraph --><\/p>\n<p><!-- wp:paragraph --><\/p>\n<p>Ud over at spare penge p\u00e5 varmeregningen, kan du ogs\u00e5 spare penge p\u00e5 lang sigt ved at reducere dit energiforbrug og CO2-aftryk. Biobr\u00e6ndsel er mere milj\u00f8venligt end fossile br\u00e6ndstoffer og bidrager mindre til drivhusgasemissioner og klima\u00e6ndringer. Samtidig er biobr\u00e6ndsel normalt mere b\u00e6redygtige og kan v\u00e6re en mere holdbar og langsigtet energikilde end fossile br\u00e6ndstoffer.<\/p>\n<p><!-- \/wp:paragraph --><\/p>\n<\/div>\n<\/div>\n<p><!-- \/wp:media-text --><\/p>\n<p><!-- wp:media-text {\"mediaPosition\":\"right\",\"mediaId\":108,\"mediaLink\":\"https:\/\/sandagerbiobraendsel.dk\/index.php\/forside\/skaermbillede-2023-03-30-150622\/\",\"mediaType\":\"image\",\"mediaWidth\":49} --><\/p>\n<div class=\"wp-block-media-text alignwide has-media-on-the-right is-stacked-on-mobile\" style=\"grid-template-columns: auto 49%;\">\n<div class=\"wp-block-media-text__content\">\n<p><!-- wp:paragraph --><\/p>\n<p>Reduceret afh\u00e6ngighed af fossile br\u00e6ndsler ved brug af biobr\u00e6ndsel handler om at erstatte traditionelle fossile br\u00e6ndstoffer med b\u00e6redygtige og milj\u00f8venlige alternativer, som er baseret p\u00e5 biomasse. Biobr\u00e6ndsel er et br\u00e6ndstof, der er fremstillet af organisk materiale som tr\u00e6, affald, afgr\u00f8der og restprodukter fra f\u00f8devareproduktionen.<\/p>\n<p><!-- \/wp:paragraph --><\/p>\n<p><!-- wp:paragraph --><\/p>\n<p>Ved at bruge biobr\u00e6ndsel i stedet for fossile br\u00e6ndsler som olie, kul og gas kan man mindske den globale afh\u00e6ngighed af fossile br\u00e6ndsler og reducere de negative konsekvenser, der er forbundet med deres udvinding, transport og forbr\u00e6nding.<\/p>\n<p><!-- \/wp:paragraph --><\/p>\n<p><!-- wp:paragraph --><\/p>\n<p>Brugen af biobr\u00e6ndsel kan ogs\u00e5 bidrage til at reducere udledningen af drivhusgasser og bek\u00e6mpe klima\u00e6ndringerne, fordi biomasse har en lavere CO2-udledning sammenlignet med fossile br\u00e6ndsler. Desuden kan biobr\u00e6ndsel ogs\u00e5 reducere luftforureningen, fordi det producerer mindre partikelforurening og andre farlige stoffer.<\/p>\n<p><!-- \/wp:paragraph --><\/p>\n<p><!-- wp:paragraph --><\/p>\n<p>Kunder kan derfor v\u00e6lge at bruge biobr\u00e6ndsel som en mere b\u00e6redygtig og milj\u00f8venlig energikilde, der kan bidrage til at beskytte vores planet og mindske vores afh\u00e6ngighed af fossile br\u00e6ndsler.<\/p>\n<p><!-- \/wp:paragraph --><\/p>\n<\/div>\n<figure class=\"wp-block-media-text__media\"><img decoding=\"async\" width=\"1024\" height=\"684\" class=\"wp-image-108 size-full\" src=\"https:\/\/sandagerbiobraendsel.dk\/wp-content\/uploads\/2023\/03\/Skaermbillede-2023-03-30-150622-1024x684.png\" alt=\"\" srcset=\"https:\/\/sandagerbiobraendsel.dk\/wp-content\/uploads\/2023\/03\/Skaermbillede-2023-03-30-150622-1024x684.png 1024w, https:\/\/sandagerbiobraendsel.dk\/wp-content\/uploads\/2023\/03\/Skaermbillede-2023-03-30-150622-300x200.png 300w, https:\/\/sandagerbiobraendsel.dk\/wp-content\/uploads\/2023\/03\/Skaermbillede-2023-03-30-150622-768x513.png 768w, https:\/\/sandagerbiobraendsel.dk\/wp-content\/uploads\/2023\/03\/Skaermbillede-2023-03-30-150622-600x401.png 600w, https:\/\/sandagerbiobraendsel.dk\/wp-content\/uploads\/2023\/03\/Skaermbillede-2023-03-30-150622.png 1530w\" sizes=\"(max-width: 1024px) 100vw, 1024px\" \/><\/figure>\n<\/div>\n<p><!-- \/wp:media-text --><\/p>\n<p><!-- wp:paragraph --><\/p>\n<p><!-- \/wp:paragraph --><\/p>\n<p><!-- wp:media-text {\"mediaId\":73,\"mediaLink\":\"https:\/\/sandagerbiobraendsel.dk\/index.php\/forside\/skaermbillede-2023-03-28-180113\/\",\"mediaType\":\"image\"} --><\/p>\n<div class=\"wp-block-media-text alignwide is-stacked-on-mobile\">\n<figure class=\"wp-block-media-text__media\"><img loading=\"lazy\" decoding=\"async\" width=\"1024\" height=\"578\" class=\"wp-image-73 size-full\" src=\"https:\/\/sandagerbiobraendsel.dk\/wp-content\/uploads\/2023\/03\/Skaermbillede-2023-03-28-180113-1024x578.png\" alt=\"\" srcset=\"https:\/\/sandagerbiobraendsel.dk\/wp-content\/uploads\/2023\/03\/Skaermbillede-2023-03-28-180113-1024x578.png 1024w, https:\/\/sandagerbiobraendsel.dk\/wp-content\/uploads\/2023\/03\/Skaermbillede-2023-03-28-180113-300x169.png 300w, https:\/\/sandagerbiobraendsel.dk\/wp-content\/uploads\/2023\/03\/Skaermbillede-2023-03-28-180113-768x434.png 768w, https:\/\/sandagerbiobraendsel.dk\/wp-content\/uploads\/2023\/03\/Skaermbillede-2023-03-28-180113-1536x867.png 1536w, https:\/\/sandagerbiobraendsel.dk\/wp-content\/uploads\/2023\/03\/Skaermbillede-2023-03-28-180113-600x339.png 600w, https:\/\/sandagerbiobraendsel.dk\/wp-content\/uploads\/2023\/03\/Skaermbillede-2023-03-28-180113.png 2044w\" sizes=\"(max-width: 1024px) 100vw, 1024px\" \/><\/figure>\n<div class=\"wp-block-media-text__content\">\n<p><!-- wp:paragraph --><\/p>\n<p>Biobr\u00e6ndsel har normalt en lavere risiko for kemiske affaldsstoffer sammenlignet med traditionelle fossile br\u00e6ndstoffer. Fossile br\u00e6ndstoffer er normalt raffineret, hvilket betyder, at de kan indeholde en r\u00e6kke kemikalier og toksiner, der kan v\u00e6re skadelige for milj\u00f8et og sundheden.<\/p>\n<p><!-- \/wp:paragraph --><\/p>\n<p><!-- wp:paragraph --><\/p>\n<p>P\u00e5 den anden side er biobr\u00e6ndsel, som f.eks. tr\u00e6piller, normalt fremstillet af naturlige og fornyelige r\u00e5materialer, som tr\u00e6affald og savsmuld. Disse r\u00e5materialer indeholder normalt f\u00e6rre kemikalier og toksiner og kan derfor producere mindre affaldsstoffer og forurening under forbr\u00e6nding. Det kan ogs\u00e5 reducere risikoen for sundhedsm\u00e6ssige problemer og luftforurening i dit hjem eller omgivelserne.<\/p>\n<p><!-- \/wp:paragraph --><\/p>\n<p><!-- wp:paragraph --><\/p>\n<p>Det er dog vigtigt at bem\u00e6rke, at biobr\u00e6ndsel ikke er helt fri for emissioner, og at der stadig kan v\u00e6re sundheds- og milj\u00f8risici ved deres brug, is\u00e6r hvis de bruges i forurenet milj\u00f8 eller p\u00e5 en m\u00e5de, der ikke er korrekt. Derfor er det vigtigt at v\u00e6lge en p\u00e5lidelig biobr\u00e6ndsel-kilde, opbevare og anvende br\u00e6ndstofet korrekt og vedligeholde dit opvarmningssystem regelm\u00e6ssigt for at reducere risiciene.<\/p>\n<p><!-- \/wp:paragraph --><\/p>\n<\/div>\n<\/div>\n<p><!-- \/wp:media-text --><\/p>\n<p><!-- wp:woocommerce\/featured-product \/--><\/p>\t\t\t\t\t\t<\/div>\n\t\t\t\t<\/div>\n\t\t\t\t\t<\/div>\n\t\t<\/div>\n\t\t\t\t\t<\/div>\n\t\t<\/section>\n\t\t\t\t<\/div>\n\t\t","protected":false},"excerpt":{"rendered":"<p>Milj\u00f8venligt: Biobr\u00e6ndsel er en milj\u00f8venlig br\u00e6ndstofkilde, fordi det er lavet af naturlige, b\u00e6redygtige materialer, som ikke udleder skadelige kemikalier eller gasser. N\u00e5r man bruger biobr\u00e6ndsel til opvarmning, producerer man mindre CO2 end ved traditionelle br\u00e6ndsler. Lavere omkostninger: Brug af biobr\u00e6ndsel som fyringsmiddel kan betyde lavere omkostninger i forhold til traditionelle br\u00e6ndsler. Biobr\u00e6ndsel er ofte billigere [&hellip;]<\/p>\n","protected":false},"author":1,"featured_media":0,"parent":0,"menu_order":0,"comment_status":"closed","ping_status":"closed","template":"","meta":{"_acf_changed":false,"site-sidebar-layout":"default","site-content-layout":"","ast-site-content-layout":"","site-content-style":"default","site-sidebar-style":"default","ast-global-header-display":"","ast-banner-title-visibility":"","ast-main-header-display":"","ast-hfb-above-header-display":"","ast-hfb-below-header-display":"","ast-hfb-mobile-header-display":"","site-post-title":"","ast-breadcrumbs-content":"","ast-featured-img":"","footer-sml-layout":"","theme-transparent-header-meta":"","adv-header-id-meta":"","stick-header-meta":"","header-above-stick-meta":"","header-main-stick-meta":"","header-below-stick-meta":"","astra-migrate-meta-layouts":"default","ast-page-background-enabled":"default","ast-page-background-meta":{"desktop":{"background-color":"var(--ast-global-color-4)","background-image":"","background-repeat":"repeat","background-position":"center center","background-size":"auto","background-attachment":"scroll","background-type":"","background-media":"","overlay-type":"","overlay-color":"","overlay-gradient":""},"tablet":{"background-color":"","background-image":"","background-repeat":"repeat","background-position":"center center","background-size":"auto","background-attachment":"scroll","background-type":"","background-media":"","overlay-type":"","overlay-color":"","overlay-gradient":""},"mobile":{"background-color":"","background-image":"","background-repeat":"repeat","background-position":"center center","background-size":"auto","background-attachment":"scroll","background-type":"","background-media":"","overlay-type":"","overlay-color":"","overlay-gradient":""}},"ast-content-background-meta":{"desktop":{"background-color":"var(--ast-global-color-5)","background-image":"","background-repeat":"repeat","background-position":"center center","background-size":"auto","background-attachment":"scroll","background-type":"","background-media":"","overlay-type":"","overlay-color":"","overlay-gradient":""},"tablet":{"background-color":"var(--ast-global-color-5)","background-image":"","background-repeat":"repeat","background-position":"center center","background-size":"auto","background-attachment":"scroll","background-type":"","background-media":"","overlay-type":"","overlay-color":"","overlay-gradient":""},"mobile":{"background-color":"var(--ast-global-color-5)","background-image":"","background-repeat":"repeat","background-position":"center center","background-size":"auto","background-attachment":"scroll","background-type":"","background-media":"","overlay-type":"","overlay-color":"","overlay-gradient":""}},"footnotes":""},"class_list":["post-34","page","type-page","status-publish","hentry"],"acf":[],"yoast_head":"<!-- This site is optimized with the Yoast SEO plugin v23.9 - https:\/\/yoast.com\/wordpress\/plugins\/seo\/ -->\n<title>Om Biobr\u00e6ndsel | Sandager Biobr\u00e6ndsel | Tr\u00e6piller, Briketter, Br\u00e6nde<\/title>\n<meta name=\"robots\" content=\"index, follow, max-snippet:-1, max-image-preview:large, max-video-preview:-1\" \/>\n<link rel=\"canonical\" href=\"https:\/\/sandagerbiobraendsel.dk\/index.php\/forside\/\" \/>\n<meta property=\"og:locale\" content=\"da_DK\" \/>\n<meta property=\"og:type\" content=\"article\" \/>\n<meta property=\"og:title\" content=\"Om Biobr\u00e6ndsel | Sandager Biobr\u00e6ndsel | Tr\u00e6piller, Briketter, Br\u00e6nde\" \/>\n<meta property=\"og:description\" content=\"Milj\u00f8venligt: Biobr\u00e6ndsel er en milj\u00f8venlig br\u00e6ndstofkilde, fordi det er lavet af naturlige, b\u00e6redygtige materialer, som ikke udleder skadelige kemikalier eller gasser. N\u00e5r man bruger biobr\u00e6ndsel til opvarmning, producerer man mindre CO2 end ved traditionelle br\u00e6ndsler. Lavere omkostninger: Brug af biobr\u00e6ndsel som fyringsmiddel kan betyde lavere omkostninger i forhold til traditionelle br\u00e6ndsler. Biobr\u00e6ndsel er ofte billigere [&hellip;]\" \/>\n<meta property=\"og:url\" content=\"https:\/\/sandagerbiobraendsel.dk\/index.php\/forside\/\" \/>\n<meta property=\"og:site_name\" content=\"Sandager Biobr\u00e6ndsel | Tr\u00e6piller, Briketter, Br\u00e6nde\" \/>\n<meta property=\"article:publisher\" content=\"https:\/\/www.facebook.com\/profile.php?id=100081904594618\" \/>\n<meta property=\"article:modified_time\" content=\"2024-04-30T19:24:08+00:00\" \/>\n<meta property=\"og:image\" content=\"https:\/\/sandagerbiobraendsel.dk\/wp-content\/uploads\/2023\/03\/Skaermbillede-2023-03-28-171455-1024x700.png\" \/>\n<meta name=\"twitter:card\" content=\"summary_large_image\" \/>\n<meta name=\"twitter:label1\" content=\"Estimeret l\u00e6setid\" \/>\n\t<meta name=\"twitter:data1\" content=\"5 minutter\" \/>\n<script type=\"application\/ld+json\" class=\"yoast-schema-graph\">{\"@context\":\"https:\/\/schema.org\",\"@graph\":[{\"@type\":\"WebPage\",\"@id\":\"https:\/\/sandagerbiobraendsel.dk\/index.php\/forside\/\",\"url\":\"https:\/\/sandagerbiobraendsel.dk\/index.php\/forside\/\",\"name\":\"Om Biobr\u00e6ndsel | Sandager Biobr\u00e6ndsel | Tr\u00e6piller, Briketter, Br\u00e6nde\",\"isPartOf\":{\"@id\":\"https:\/\/sandagerbiobraendsel.dk\/#website\"},\"primaryImageOfPage\":{\"@id\":\"https:\/\/sandagerbiobraendsel.dk\/index.php\/forside\/#primaryimage\"},\"image\":{\"@id\":\"https:\/\/sandagerbiobraendsel.dk\/index.php\/forside\/#primaryimage\"},\"thumbnailUrl\":\"https:\/\/sandagerbiobraendsel.dk\/wp-content\/uploads\/2023\/03\/Skaermbillede-2023-03-28-171455-1024x700.png\",\"datePublished\":\"2023-03-24T20:39:23+00:00\",\"dateModified\":\"2024-04-30T19:24:08+00:00\",\"breadcrumb\":{\"@id\":\"https:\/\/sandagerbiobraendsel.dk\/index.php\/forside\/#breadcrumb\"},\"inLanguage\":\"da-DK\",\"potentialAction\":[{\"@type\":\"ReadAction\",\"target\":[\"https:\/\/sandagerbiobraendsel.dk\/index.php\/forside\/\"]}]},{\"@type\":\"ImageObject\",\"inLanguage\":\"da-DK\",\"@id\":\"https:\/\/sandagerbiobraendsel.dk\/index.php\/forside\/#primaryimage\",\"url\":\"https:\/\/sandagerbiobraendsel.dk\/wp-content\/uploads\/2023\/03\/Skaermbillede-2023-03-28-171455.png\",\"contentUrl\":\"https:\/\/sandagerbiobraendsel.dk\/wp-content\/uploads\/2023\/03\/Skaermbillede-2023-03-28-171455.png\",\"width\":1220,\"height\":834},{\"@type\":\"BreadcrumbList\",\"@id\":\"https:\/\/sandagerbiobraendsel.dk\/index.php\/forside\/#breadcrumb\",\"itemListElement\":[{\"@type\":\"ListItem\",\"position\":1,\"name\":\"Hjem\",\"item\":\"https:\/\/sandagerbiobraendsel.dk\/\"},{\"@type\":\"ListItem\",\"position\":2,\"name\":\"Om Biobr\u00e6ndsel\"}]},{\"@type\":\"WebSite\",\"@id\":\"https:\/\/sandagerbiobraendsel.dk\/#website\",\"url\":\"https:\/\/sandagerbiobraendsel.dk\/\",\"name\":\"Sandager Biobr\u00e6ndsel | Tr\u00e6piller, Briketter, Br\u00e6nde\",\"description\":\"Salg af tr\u00e6piller\",\"publisher\":{\"@id\":\"https:\/\/sandagerbiobraendsel.dk\/#organization\"},\"potentialAction\":[{\"@type\":\"SearchAction\",\"target\":{\"@type\":\"EntryPoint\",\"urlTemplate\":\"https:\/\/sandagerbiobraendsel.dk\/?s={search_term_string}\"},\"query-input\":{\"@type\":\"PropertyValueSpecification\",\"valueRequired\":true,\"valueName\":\"search_term_string\"}}],\"inLanguage\":\"da-DK\"},{\"@type\":\"Organization\",\"@id\":\"https:\/\/sandagerbiobraendsel.dk\/#organization\",\"name\":\"Sandager Biobr\u00e6ndsel\",\"url\":\"https:\/\/sandagerbiobraendsel.dk\/\",\"logo\":{\"@type\":\"ImageObject\",\"inLanguage\":\"da-DK\",\"@id\":\"https:\/\/sandagerbiobraendsel.dk\/#\/schema\/logo\/image\/\",\"url\":\"https:\/\/sandagerbiobraendsel.dk\/wp-content\/uploads\/2023\/06\/langbiobraendsel2-2.svg\",\"contentUrl\":\"https:\/\/sandagerbiobraendsel.dk\/wp-content\/uploads\/2023\/06\/langbiobraendsel2-2.svg\",\"width\":97,\"height\":83,\"caption\":\"Sandager Biobr\u00e6ndsel\"},\"image\":{\"@id\":\"https:\/\/sandagerbiobraendsel.dk\/#\/schema\/logo\/image\/\"},\"sameAs\":[\"https:\/\/www.facebook.com\/profile.php?id=100081904594618\"]}]}<\/script>\n<!-- \/ Yoast SEO plugin. -->","yoast_head_json":{"title":"Om Biobr\u00e6ndsel | Sandager Biobr\u00e6ndsel | Tr\u00e6piller, Briketter, Br\u00e6nde","robots":{"index":"index","follow":"follow","max-snippet":"max-snippet:-1","max-image-preview":"max-image-preview:large","max-video-preview":"max-video-preview:-1"},"canonical":"https:\/\/sandagerbiobraendsel.dk\/index.php\/forside\/","og_locale":"da_DK","og_type":"article","og_title":"Om Biobr\u00e6ndsel | Sandager Biobr\u00e6ndsel | Tr\u00e6piller, Briketter, Br\u00e6nde","og_description":"Milj\u00f8venligt: Biobr\u00e6ndsel er en milj\u00f8venlig br\u00e6ndstofkilde, fordi det er lavet af naturlige, b\u00e6redygtige materialer, som ikke udleder skadelige kemikalier eller gasser. N\u00e5r man bruger biobr\u00e6ndsel til opvarmning, producerer man mindre CO2 end ved traditionelle br\u00e6ndsler. Lavere omkostninger: Brug af biobr\u00e6ndsel som fyringsmiddel kan betyde lavere omkostninger i forhold til traditionelle br\u00e6ndsler. Biobr\u00e6ndsel er ofte billigere [&hellip;]","og_url":"https:\/\/sandagerbiobraendsel.dk\/index.php\/forside\/","og_site_name":"Sandager Biobr\u00e6ndsel | Tr\u00e6piller, Briketter, Br\u00e6nde","article_publisher":"https:\/\/www.facebook.com\/profile.php?id=100081904594618","article_modified_time":"2024-04-30T19:24:08+00:00","og_image":[{"url":"https:\/\/sandagerbiobraendsel.dk\/wp-content\/uploads\/2023\/03\/Skaermbillede-2023-03-28-171455-1024x700.png"}],"twitter_card":"summary_large_image","twitter_misc":{"Estimeret l\u00e6setid":"5 minutter"},"schema":{"@context":"https:\/\/schema.org","@graph":[{"@type":"WebPage","@id":"https:\/\/sandagerbiobraendsel.dk\/index.php\/forside\/","url":"https:\/\/sandagerbiobraendsel.dk\/index.php\/forside\/","name":"Om Biobr\u00e6ndsel | Sandager Biobr\u00e6ndsel | Tr\u00e6piller, Briketter, Br\u00e6nde","isPartOf":{"@id":"https:\/\/sandagerbiobraendsel.dk\/#website"},"primaryImageOfPage":{"@id":"https:\/\/sandagerbiobraendsel.dk\/index.php\/forside\/#primaryimage"},"image":{"@id":"https:\/\/sandagerbiobraendsel.dk\/index.php\/forside\/#primaryimage"},"thumbnailUrl":"https:\/\/sandagerbiobraendsel.dk\/wp-content\/uploads\/2023\/03\/Skaermbillede-2023-03-28-171455-1024x700.png","datePublished":"2023-03-24T20:39:23+00:00","dateModified":"2024-04-30T19:24:08+00:00","breadcrumb":{"@id":"https:\/\/sandagerbiobraendsel.dk\/index.php\/forside\/#breadcrumb"},"inLanguage":"da-DK","potentialAction":[{"@type":"ReadAction","target":["https:\/\/sandagerbiobraendsel.dk\/index.php\/forside\/"]}]},{"@type":"ImageObject","inLanguage":"da-DK","@id":"https:\/\/sandagerbiobraendsel.dk\/index.php\/forside\/#primaryimage","url":"https:\/\/sandagerbiobraendsel.dk\/wp-content\/uploads\/2023\/03\/Skaermbillede-2023-03-28-171455.png","contentUrl":"https:\/\/sandagerbiobraendsel.dk\/wp-content\/uploads\/2023\/03\/Skaermbillede-2023-03-28-171455.png","width":1220,"height":834},{"@type":"BreadcrumbList","@id":"https:\/\/sandagerbiobraendsel.dk\/index.php\/forside\/#breadcrumb","itemListElement":[{"@type":"ListItem","position":1,"name":"Hjem","item":"https:\/\/sandagerbiobraendsel.dk\/"},{"@type":"ListItem","position":2,"name":"Om Biobr\u00e6ndsel"}]},{"@type":"WebSite","@id":"https:\/\/sandagerbiobraendsel.dk\/#website","url":"https:\/\/sandagerbiobraendsel.dk\/","name":"Sandager Biobr\u00e6ndsel | Tr\u00e6piller, Briketter, Br\u00e6nde","description":"Salg af tr\u00e6piller","publisher":{"@id":"https:\/\/sandagerbiobraendsel.dk\/#organization"},"potentialAction":[{"@type":"SearchAction","target":{"@type":"EntryPoint","urlTemplate":"https:\/\/sandagerbiobraendsel.dk\/?s={search_term_string}"},"query-input":{"@type":"PropertyValueSpecification","valueRequired":true,"valueName":"search_term_string"}}],"inLanguage":"da-DK"},{"@type":"Organization","@id":"https:\/\/sandagerbiobraendsel.dk\/#organization","name":"Sandager Biobr\u00e6ndsel","url":"https:\/\/sandagerbiobraendsel.dk\/","logo":{"@type":"ImageObject","inLanguage":"da-DK","@id":"https:\/\/sandagerbiobraendsel.dk\/#\/schema\/logo\/image\/","url":"https:\/\/sandagerbiobraendsel.dk\/wp-content\/uploads\/2023\/06\/langbiobraendsel2-2.svg","contentUrl":"https:\/\/sandagerbiobraendsel.dk\/wp-content\/uploads\/2023\/06\/langbiobraendsel2-2.svg","width":97,"height":83,"caption":"Sandager Biobr\u00e6ndsel"},"image":{"@id":"https:\/\/sandagerbiobraendsel.dk\/#\/schema\/logo\/image\/"},"sameAs":["https:\/\/www.facebook.com\/profile.php?id=100081904594618"]}]}},"jetpack_sharing_enabled":true,"_links":{"self":[{"href":"https:\/\/sandagerbiobraendsel.dk\/index.php\/wp-json\/wp\/v2\/pages\/34"}],"collection":[{"href":"https:\/\/sandagerbiobraendsel.dk\/index.php\/wp-json\/wp\/v2\/pages"}],"about":[{"href":"https:\/\/sandagerbiobraendsel.dk\/index.php\/wp-json\/wp\/v2\/types\/page"}],"author":[{"embeddable":true,"href":"https:\/\/sandagerbiobraendsel.dk\/index.php\/wp-json\/wp\/v2\/users\/1"}],"replies":[{"embeddable":true,"href":"https:\/\/sandagerbiobraendsel.dk\/index.php\/wp-json\/wp\/v2\/comments?post=34"}],"version-history":[{"count":35,"href":"https:\/\/sandagerbiobraendsel.dk\/index.php\/wp-json\/wp\/v2\/pages\/34\/revisions"}],"predecessor-version":[{"id":1214,"href":"https:\/\/sandagerbiobraendsel.dk\/index.php\/wp-json\/wp\/v2\/pages\/34\/revisions\/1214"}],"wp:attachment":[{"href":"https:\/\/sandagerbiobraendsel.dk\/index.php\/wp-json\/wp\/v2\/media?parent=34"}],"curies":[{"name":"wp","href":"https:\/\/api.w.org\/{rel}","templated":true}]}}