{"id":6,"date":"2023-03-24T12:53:55","date_gmt":"2023-03-24T11:53:55","guid":{"rendered":"http:\/\/sandagerbiobraendsel.dk\/index.php\/cart\/"},"modified":"2023-03-24T21:22:42","modified_gmt":"2023-03-24T20:22:42","slug":"cart","status":"publish","type":"page","link":"https:\/\/sandagerbiobraendsel.dk\/index.php\/cart\/","title":{"rendered":"Indk\u00f8bskurv"},"content":{"rendered":"","protected":false},"excerpt":{"rendered":"","protected":false},"author":1,"featured_media":0,"parent":0,"menu_order":0,"comment_status":"closed","ping_status":"closed","template":"","meta":{"_acf_changed":false,"site-sidebar-layout":"default","site-content-layout":"","ast-site-content-layout":"","site-content-style":"default","site-sidebar-style":"default","ast-global-header-display":"","ast-banner-title-visibility":"","ast-main-header-display":"","ast-hfb-above-header-display":"","ast-hfb-below-header-display":"","ast-hfb-mobile-header-display":"","site-post-title":"","ast-breadcrumbs-content":"","ast-featured-img":"","footer-sml-layout":"","theme-transparent-header-meta":"","adv-header-id-meta":"","stick-header-meta":"","header-above-stick-meta":"","header-main-stick-meta":"","header-below-stick-meta":"","astra-migrate-meta-layouts":"default","ast-page-background-enabled":"default","ast-page-background-meta":{"desktop":{"background-color":"var(--ast-global-color-4)","background-image":"","background-repeat":"repeat","background-position":"center center","background-size":"auto","background-attachment":"scroll","background-type":"","background-media":"","overlay-type":"","overlay-color":"","overlay-gradient":""},"tablet":{"background-color":"","background-image":"","background-repeat":"repeat","background-position":"center center","background-size":"auto","background-attachment":"scroll","background-type":"","background-media":"","overlay-type":"","overlay-color":"","overlay-gradient":""},"mobile":{"background-color":"","background-image":"","background-repeat":"repeat","background-position":"center center","background-size":"auto","background-attachment":"scroll","background-type":"","background-media":"","overlay-type":"","overlay-color":"","overlay-gradient":""}},"ast-content-background-meta":{"desktop":{"background-color":"var(--ast-global-color-5)","background-image":"","background-repeat":"repeat","background-position":"center center","background-size":"auto","background-attachment":"scroll","background-type":"","background-media":"","overlay-type":"","overlay-color":"","overlay-gradient":""},"tablet":{"background-color":"var(--ast-global-color-5)","background-image":"","background-repeat":"repeat","background-position":"center center","background-size":"auto","background-attachment":"scroll","background-type":"","background-media":"","overlay-type":"","overlay-color":"","overlay-gradient":""},"mobile":{"background-color":"var(--ast-global-color-5)","background-image":"","background-repeat":"repeat","background-position":"center center","background-size":"auto","background-attachment":"scroll","background-type":"","background-media":"","overlay-type":"","overlay-color":"","overlay-gradient":""}},"footnotes":""},"class_list":["post-6","page","type-page","status-publish","hentry"],"acf":[],"yoast_head":"<!-- This site is optimized with the Yoast SEO plugin v23.9 - https:\/\/yoast.com\/wordpress\/plugins\/seo\/ -->\n<title>Indk\u00f8bskurv | Sandager Biobr\u00e6ndsel | Tr\u00e6piller, Briketter, Br\u00e6nde<\/title>\n<meta name=\"robots\" content=\"index, follow, max-snippet:-1, max-image-preview:large, max-video-preview:-1\" \/>\n<link rel=\"canonical\" href=\"https:\/\/sandagerbiobraendsel.dk\/index.php\/cart\/\" \/>\n<meta property=\"og:locale\" content=\"da_DK\" \/>\n<meta property=\"og:type\" content=\"article\" \/>\n<meta property=\"og:title\" content=\"Indk\u00f8bskurv | Sandager Biobr\u00e6ndsel | Tr\u00e6piller, Briketter, Br\u00e6nde\" \/>\n<meta property=\"og:url\" content=\"https:\/\/sandagerbiobraendsel.dk\/index.php\/cart\/\" \/>\n<meta property=\"og:site_name\" content=\"Sandager Biobr\u00e6ndsel | Tr\u00e6piller, Briketter, Br\u00e6nde\" \/>\n<meta property=\"article:publisher\" content=\"https:\/\/www.facebook.com\/profile.php?id=100081904594618\" \/>\n<meta property=\"article:modified_time\" content=\"2023-03-24T20:22:42+00:00\" \/>\n<meta property=\"og:image\" content=\"https:\/\/sandagerbiobraendsel.dk\/wp-content\/uploads\/2023\/07\/Udklip4.png\" \/>\n\t<meta property=\"og:image:width\" content=\"606\" \/>\n\t<meta property=\"og:image:height\" content=\"306\" \/>\n\t<meta property=\"og:image:type\" content=\"image\/png\" \/>\n<meta name=\"twitter:card\" content=\"summary_large_image\" \/>\n<script type=\"application\/ld+json\" class=\"yoast-schema-graph\">{\"@context\":\"https:\/\/schema.org\",\"@graph\":[{\"@type\":\"WebPage\",\"@id\":\"https:\/\/sandagerbiobraendsel.dk\/index.php\/cart\/\",\"url\":\"https:\/\/sandagerbiobraendsel.dk\/index.php\/cart\/\",\"name\":\"Indk\u00f8bskurv | Sandager Biobr\u00e6ndsel | Tr\u00e6piller, Briketter, Br\u00e6nde\",\"isPartOf\":{\"@id\":\"https:\/\/sandagerbiobraendsel.dk\/#website\"},\"datePublished\":\"2023-03-24T11:53:55+00:00\",\"dateModified\":\"2023-03-24T20:22:42+00:00\",\"breadcrumb\":{\"@id\":\"https:\/\/sandagerbiobraendsel.dk\/index.php\/cart\/#breadcrumb\"},\"inLanguage\":\"da-DK\",\"potentialAction\":[{\"@type\":\"ReadAction\",\"target\":[\"https:\/\/sandagerbiobraendsel.dk\/index.php\/cart\/\"]}]},{\"@type\":\"BreadcrumbList\",\"@id\":\"https:\/\/sandagerbiobraendsel.dk\/index.php\/cart\/#breadcrumb\",\"itemListElement\":[{\"@type\":\"ListItem\",\"position\":1,\"name\":\"Hjem\",\"item\":\"https:\/\/sandagerbiobraendsel.dk\/\"},{\"@type\":\"ListItem\",\"position\":2,\"name\":\"Indk\u00f8bskurv\"}]},{\"@type\":\"WebSite\",\"@id\":\"https:\/\/sandagerbiobraendsel.dk\/#website\",\"url\":\"https:\/\/sandagerbiobraendsel.dk\/\",\"name\":\"Sandager Biobr\u00e6ndsel | Tr\u00e6piller, Briketter, Br\u00e6nde\",\"description\":\"Salg af tr\u00e6piller\",\"publisher\":{\"@id\":\"https:\/\/sandagerbiobraendsel.dk\/#organization\"},\"potentialAction\":[{\"@type\":\"SearchAction\",\"target\":{\"@type\":\"EntryPoint\",\"urlTemplate\":\"https:\/\/sandagerbiobraendsel.dk\/?s={search_term_string}\"},\"query-input\":{\"@type\":\"PropertyValueSpecification\",\"valueRequired\":true,\"valueName\":\"search_term_string\"}}],\"inLanguage\":\"da-DK\"},{\"@type\":\"Organization\",\"@id\":\"https:\/\/sandagerbiobraendsel.dk\/#organization\",\"name\":\"Sandager Biobr\u00e6ndsel\",\"url\":\"https:\/\/sandagerbiobraendsel.dk\/\",\"logo\":{\"@type\":\"ImageObject\",\"inLanguage\":\"da-DK\",\"@id\":\"https:\/\/sandagerbiobraendsel.dk\/#\/schema\/logo\/image\/\",\"url\":\"https:\/\/sandagerbiobraendsel.dk\/wp-content\/uploads\/2023\/06\/langbiobraendsel2-2.svg\",\"contentUrl\":\"https:\/\/sandagerbiobraendsel.dk\/wp-content\/uploads\/2023\/06\/langbiobraendsel2-2.svg\",\"width\":97,\"height\":83,\"caption\":\"Sandager Biobr\u00e6ndsel\"},\"image\":{\"@id\":\"https:\/\/sandagerbiobraendsel.dk\/#\/schema\/logo\/image\/\"},\"sameAs\":[\"https:\/\/www.facebook.com\/profile.php?id=100081904594618\"]}]}<\/script>\n<!-- \/ Yoast SEO plugin. -->","yoast_head_json":{"title":"Indk\u00f8bskurv | Sandager Biobr\u00e6ndsel | Tr\u00e6piller, Briketter, Br\u00e6nde","robots":{"index":"index","follow":"follow","max-snippet":"max-snippet:-1","max-image-preview":"max-image-preview:large","max-video-preview":"max-video-preview:-1"},"canonical":"https:\/\/sandagerbiobraendsel.dk\/index.php\/cart\/","og_locale":"da_DK","og_type":"article","og_title":"Indk\u00f8bskurv | Sandager Biobr\u00e6ndsel | Tr\u00e6piller, Briketter, Br\u00e6nde","og_url":"https:\/\/sandagerbiobraendsel.dk\/index.php\/cart\/","og_site_name":"Sandager Biobr\u00e6ndsel | Tr\u00e6piller, Briketter, Br\u00e6nde","article_publisher":"https:\/\/www.facebook.com\/profile.php?id=100081904594618","article_modified_time":"2023-03-24T20:22:42+00:00","og_image":[{"width":606,"height":306,"url":"https:\/\/sandagerbiobraendsel.dk\/wp-content\/uploads\/2023\/07\/Udklip4.png","type":"image\/png"}],"twitter_card":"summary_large_image","schema":{"@context":"https:\/\/schema.org","@graph":[{"@type":"WebPage","@id":"https:\/\/sandagerbiobraendsel.dk\/index.php\/cart\/","url":"https:\/\/sandagerbiobraendsel.dk\/index.php\/cart\/","name":"Indk\u00f8bskurv | Sandager Biobr\u00e6ndsel | Tr\u00e6piller, Briketter, Br\u00e6nde","isPartOf":{"@id":"https:\/\/sandagerbiobraendsel.dk\/#website"},"datePublished":"2023-03-24T11:53:55+00:00","dateModified":"2023-03-24T20:22:42+00:00","breadcrumb":{"@id":"https:\/\/sandagerbiobraendsel.dk\/index.php\/cart\/#breadcrumb"},"inLanguage":"da-DK","potentialAction":[{"@type":"ReadAction","target":["https:\/\/sandagerbiobraendsel.dk\/index.php\/cart\/"]}]},{"@type":"BreadcrumbList","@id":"https:\/\/sandagerbiobraendsel.dk\/index.php\/cart\/#breadcrumb","itemListElement":[{"@type":"ListItem","position":1,"name":"Hjem","item":"https:\/\/sandagerbiobraendsel.dk\/"},{"@type":"ListItem","position":2,"name":"Indk\u00f8bskurv"}]},{"@type":"WebSite","@id":"https:\/\/sandagerbiobraendsel.dk\/#website","url":"https:\/\/sandagerbiobraendsel.dk\/","name":"Sandager Biobr\u00e6ndsel | Tr\u00e6piller, Briketter, Br\u00e6nde","description":"Salg af tr\u00e6piller","publisher":{"@id":"https:\/\/sandagerbiobraendsel.dk\/#organization"},"potentialAction":[{"@type":"SearchAction","target":{"@type":"EntryPoint","urlTemplate":"https:\/\/sandagerbiobraendsel.dk\/?s={search_term_string}"},"query-input":{"@type":"PropertyValueSpecification","valueRequired":true,"valueName":"search_term_string"}}],"inLanguage":"da-DK"},{"@type":"Organization","@id":"https:\/\/sandagerbiobraendsel.dk\/#organization","name":"Sandager Biobr\u00e6ndsel","url":"https:\/\/sandagerbiobraendsel.dk\/","logo":{"@type":"ImageObject","inLanguage":"da-DK","@id":"https:\/\/sandagerbiobraendsel.dk\/#\/schema\/logo\/image\/","url":"https:\/\/sandagerbiobraendsel.dk\/wp-content\/uploads\/2023\/06\/langbiobraendsel2-2.svg","contentUrl":"https:\/\/sandagerbiobraendsel.dk\/wp-content\/uploads\/2023\/06\/langbiobraendsel2-2.svg","width":97,"height":83,"caption":"Sandager Biobr\u00e6ndsel"},"image":{"@id":"https:\/\/sandagerbiobraendsel.dk\/#\/schema\/logo\/image\/"},"sameAs":["https:\/\/www.facebook.com\/profile.php?id=100081904594618"]}]}},"jetpack_sharing_enabled":true,"_links":{"self":[{"href":"https:\/\/sandagerbiobraendsel.dk\/index.php\/wp-json\/wp\/v2\/pages\/6"}],"collection":[{"href":"https:\/\/sandagerbiobraendsel.dk\/index.php\/wp-json\/wp\/v2\/pages"}],"about":[{"href":"https:\/\/sandagerbiobraendsel.dk\/index.php\/wp-json\/wp\/v2\/types\/page"}],"author":[{"embeddable":true,"href":"https:\/\/sandagerbiobraendsel.dk\/index.php\/wp-json\/wp\/v2\/users\/1"}],"replies":[{"embeddable":true,"href":"https:\/\/sandagerbiobraendsel.dk\/index.php\/wp-json\/wp\/v2\/comments?post=6"}],"version-history":[{"count":1,"href":"https:\/\/sandagerbiobraendsel.dk\/index.php\/wp-json\/wp\/v2\/pages\/6\/revisions"}],"predecessor-version":[{"id":28,"href":"https:\/\/sandagerbiobraendsel.dk\/index.php\/wp-json\/wp\/v2\/pages\/6\/revisions\/28"}],"wp:attachment":[{"href":"https:\/\/sandagerbiobraendsel.dk\/index.php\/wp-json\/wp\/v2\/media?parent=6"}],"curies":[{"name":"wp","href":"https:\/\/api.w.org\/{rel}","templated":true}]}}