{"id":619,"date":"2024-01-21T20:05:13","date_gmt":"2024-01-21T19:05:13","guid":{"rendered":"https:\/\/sandagerbiobraendsel.dk\/?page_id=619"},"modified":"2024-04-23T19:05:40","modified_gmt":"2024-04-23T17:05:40","slug":"ikke-paa-lager","status":"publish","type":"page","link":"https:\/\/sandagerbiobraendsel.dk\/index.php\/ikke-paa-lager\/","title":{"rendered":"Beklager, varen er ikke p\u00e5 lager"},"content":{"rendered":"\t\t<div data-elementor-type=\"wp-page\" data-elementor-id=\"619\" class=\"elementor elementor-619\" data-elementor-post-type=\"page\">\n\t\t\t\t<div class=\"elementor-element elementor-element-7eddd3d e-flex e-con-boxed e-con e-parent\" data-id=\"7eddd3d\" data-element_type=\"container\" data-settings=\"{&quot;background_background&quot;:&quot;classic&quot;}\">\n\t\t\t\t\t<div class=\"e-con-inner\">\n\t\t<div class=\"elementor-element elementor-element-ab341f9 e-flex e-con-boxed e-con e-child\" data-id=\"ab341f9\" data-element_type=\"container\">\n\t\t\t\t\t<div class=\"e-con-inner\">\n\t\t\t\t<div class=\"elementor-element elementor-element-7bf6ad5 elementor-widget elementor-widget-image\" data-id=\"7bf6ad5\" data-element_type=\"widget\" data-widget_type=\"image.default\">\n\t\t\t\t<div class=\"elementor-widget-container\">\n\t\t\t\t\t\t\t\t\t\t\t\t\t<img fetchpriority=\"high\" decoding=\"async\" width=\"1024\" height=\"709\" src=\"https:\/\/sandagerbiobraendsel.dk\/wp-content\/uploads\/2024\/04\/Sorry-1024x709.jpg\" class=\"attachment-large size-large wp-image-884\" alt=\"\" srcset=\"https:\/\/sandagerbiobraendsel.dk\/wp-content\/uploads\/2024\/04\/Sorry-1024x709.jpg 1024w, https:\/\/sandagerbiobraendsel.dk\/wp-content\/uploads\/2024\/04\/Sorry-300x208.jpg 300w, https:\/\/sandagerbiobraendsel.dk\/wp-content\/uploads\/2024\/04\/Sorry-768x532.jpg 768w, https:\/\/sandagerbiobraendsel.dk\/wp-content\/uploads\/2024\/04\/Sorry-600x415.jpg 600w, https:\/\/sandagerbiobraendsel.dk\/wp-content\/uploads\/2024\/04\/Sorry.jpg 1280w\" sizes=\"(max-width: 1024px) 100vw, 1024px\" \/>\t\t\t\t\t\t\t\t\t\t\t\t\t<\/div>\n\t\t\t\t<\/div>\n\t\t\t\t\t<\/div>\n\t\t\t\t<\/div>\n\t\t<div class=\"elementor-element elementor-element-fb7db74 e-flex e-con-boxed e-con e-child\" data-id=\"fb7db74\" data-element_type=\"container\" data-settings=\"{&quot;background_background&quot;:&quot;classic&quot;}\">\n\t\t\t\t\t<div class=\"e-con-inner\">\n\t\t\t\t<div class=\"elementor-element elementor-element-4b91abe elementor-widget elementor-widget-heading\" data-id=\"4b91abe\" data-element_type=\"widget\" data-widget_type=\"heading.default\">\n\t\t\t\t<div class=\"elementor-widget-container\">\n\t\t\t<h1 class=\"elementor-heading-title elementor-size-default\">Vi beklager, varen er ikke p\u00e5 lager<\/h1>\t\t<\/div>\n\t\t\t\t<\/div>\n\t\t\t\t\t<\/div>\n\t\t\t\t<\/div>\n\t\t\t\t\t<\/div>\n\t\t\t\t<\/div>\n\t\t\t\t<\/div>\n\t\t","protected":false},"excerpt":{"rendered":"<p>Vi beklager, varen er ikke p\u00e5 lager<\/p>\n","protected":false},"author":1,"featured_media":0,"parent":0,"menu_order":0,"comment_status":"closed","ping_status":"closed","template":"","meta":{"_acf_changed":false,"site-sidebar-layout":"no-sidebar","site-content-layout":"page-builder","ast-site-content-layout":"full-width-container","site-content-style":"default","site-sidebar-style":"default","ast-global-header-display":"","ast-banner-title-visibility":"","ast-main-header-display":"","ast-hfb-above-header-display":"","ast-hfb-below-header-display":"","ast-hfb-mobile-header-display":"","site-post-title":"disabled","ast-breadcrumbs-content":"","ast-featured-img":"disabled","footer-sml-layout":"","theme-transparent-header-meta":"","adv-header-id-meta":"","stick-header-meta":"","header-above-stick-meta":"","header-main-stick-meta":"","header-below-stick-meta":"","astra-migrate-meta-layouts":"set","ast-page-background-enabled":"default","ast-page-background-meta":{"desktop":{"background-color":"var(--ast-global-color-4)","background-image":"","background-repeat":"repeat","background-position":"center center","background-size":"auto","background-attachment":"scroll","background-type":"","background-media":"","overlay-type":"","overlay-color":"","overlay-gradient":""},"tablet":{"background-color":"","background-image":"","background-repeat":"repeat","background-position":"center center","background-size":"auto","background-attachment":"scroll","background-type":"","background-media":"","overlay-type":"","overlay-color":"","overlay-gradient":""},"mobile":{"background-color":"","background-image":"","background-repeat":"repeat","background-position":"center center","background-size":"auto","background-attachment":"scroll","background-type":"","background-media":"","overlay-type":"","overlay-color":"","overlay-gradient":""}},"ast-content-background-meta":{"desktop":{"background-color":"var(--ast-global-color-5)","background-image":"","background-repeat":"repeat","background-position":"center center","background-size":"auto","background-attachment":"scroll","background-type":"","background-media":"","overlay-type":"","overlay-color":"","overlay-gradient":""},"tablet":{"background-color":"var(--ast-global-color-5)","background-image":"","background-repeat":"repeat","background-position":"center center","background-size":"auto","background-attachment":"scroll","background-type":"","background-media":"","overlay-type":"","overlay-color":"","overlay-gradient":""},"mobile":{"background-color":"var(--ast-global-color-5)","background-image":"","background-repeat":"repeat","background-position":"center center","background-size":"auto","background-attachment":"scroll","background-type":"","background-media":"","overlay-type":"","overlay-color":"","overlay-gradient":""}},"footnotes":""},"class_list":["post-619","page","type-page","status-publish","hentry"],"acf":[],"yoast_head":"<!-- This site is optimized with the Yoast SEO plugin v23.9 - https:\/\/yoast.com\/wordpress\/plugins\/seo\/ -->\n<title>Beklager, varen er ikke p\u00e5 lager | Sandager Biobr\u00e6ndsel | Tr\u00e6piller, Briketter, Br\u00e6nde<\/title>\n<meta name=\"robots\" content=\"index, follow, max-snippet:-1, max-image-preview:large, max-video-preview:-1\" \/>\n<link rel=\"canonical\" href=\"https:\/\/sandagerbiobraendsel.dk\/index.php\/ikke-paa-lager\/\" \/>\n<meta property=\"og:locale\" content=\"da_DK\" \/>\n<meta property=\"og:type\" content=\"article\" \/>\n<meta property=\"og:title\" content=\"Beklager, varen er ikke p\u00e5 lager | Sandager Biobr\u00e6ndsel | Tr\u00e6piller, Briketter, Br\u00e6nde\" \/>\n<meta property=\"og:description\" content=\"Vi beklager, varen er ikke p\u00e5 lager\" \/>\n<meta property=\"og:url\" content=\"https:\/\/sandagerbiobraendsel.dk\/index.php\/ikke-paa-lager\/\" \/>\n<meta property=\"og:site_name\" content=\"Sandager Biobr\u00e6ndsel | Tr\u00e6piller, Briketter, Br\u00e6nde\" \/>\n<meta property=\"article:publisher\" content=\"https:\/\/www.facebook.com\/profile.php?id=100081904594618\" \/>\n<meta property=\"article:modified_time\" content=\"2024-04-23T17:05:40+00:00\" \/>\n<meta property=\"og:image\" content=\"https:\/\/sandagerbiobraendsel.dk\/wp-content\/uploads\/2024\/04\/Sorry-1024x709.jpg\" \/>\n<meta name=\"twitter:card\" content=\"summary_large_image\" \/>\n<meta name=\"twitter:label1\" content=\"Estimeret l\u00e6setid\" \/>\n\t<meta name=\"twitter:data1\" content=\"1 minut\" \/>\n<script type=\"application\/ld+json\" class=\"yoast-schema-graph\">{\"@context\":\"https:\/\/schema.org\",\"@graph\":[{\"@type\":\"WebPage\",\"@id\":\"https:\/\/sandagerbiobraendsel.dk\/index.php\/ikke-paa-lager\/\",\"url\":\"https:\/\/sandagerbiobraendsel.dk\/index.php\/ikke-paa-lager\/\",\"name\":\"Beklager, varen er ikke p\u00e5 lager | Sandager Biobr\u00e6ndsel | Tr\u00e6piller, Briketter, Br\u00e6nde\",\"isPartOf\":{\"@id\":\"https:\/\/sandagerbiobraendsel.dk\/#website\"},\"primaryImageOfPage\":{\"@id\":\"https:\/\/sandagerbiobraendsel.dk\/index.php\/ikke-paa-lager\/#primaryimage\"},\"image\":{\"@id\":\"https:\/\/sandagerbiobraendsel.dk\/index.php\/ikke-paa-lager\/#primaryimage\"},\"thumbnailUrl\":\"https:\/\/sandagerbiobraendsel.dk\/wp-content\/uploads\/2024\/04\/Sorry-1024x709.jpg\",\"datePublished\":\"2024-01-21T19:05:13+00:00\",\"dateModified\":\"2024-04-23T17:05:40+00:00\",\"breadcrumb\":{\"@id\":\"https:\/\/sandagerbiobraendsel.dk\/index.php\/ikke-paa-lager\/#breadcrumb\"},\"inLanguage\":\"da-DK\",\"potentialAction\":[{\"@type\":\"ReadAction\",\"target\":[\"https:\/\/sandagerbiobraendsel.dk\/index.php\/ikke-paa-lager\/\"]}]},{\"@type\":\"ImageObject\",\"inLanguage\":\"da-DK\",\"@id\":\"https:\/\/sandagerbiobraendsel.dk\/index.php\/ikke-paa-lager\/#primaryimage\",\"url\":\"https:\/\/sandagerbiobraendsel.dk\/wp-content\/uploads\/2024\/04\/Sorry.jpg\",\"contentUrl\":\"https:\/\/sandagerbiobraendsel.dk\/wp-content\/uploads\/2024\/04\/Sorry.jpg\",\"width\":1280,\"height\":886},{\"@type\":\"BreadcrumbList\",\"@id\":\"https:\/\/sandagerbiobraendsel.dk\/index.php\/ikke-paa-lager\/#breadcrumb\",\"itemListElement\":[{\"@type\":\"ListItem\",\"position\":1,\"name\":\"Hjem\",\"item\":\"https:\/\/sandagerbiobraendsel.dk\/\"},{\"@type\":\"ListItem\",\"position\":2,\"name\":\"Beklager, varen er ikke p\u00e5 lager\"}]},{\"@type\":\"WebSite\",\"@id\":\"https:\/\/sandagerbiobraendsel.dk\/#website\",\"url\":\"https:\/\/sandagerbiobraendsel.dk\/\",\"name\":\"Sandager Biobr\u00e6ndsel | Tr\u00e6piller, Briketter, Br\u00e6nde\",\"description\":\"Salg af tr\u00e6piller\",\"publisher\":{\"@id\":\"https:\/\/sandagerbiobraendsel.dk\/#organization\"},\"potentialAction\":[{\"@type\":\"SearchAction\",\"target\":{\"@type\":\"EntryPoint\",\"urlTemplate\":\"https:\/\/sandagerbiobraendsel.dk\/?s={search_term_string}\"},\"query-input\":{\"@type\":\"PropertyValueSpecification\",\"valueRequired\":true,\"valueName\":\"search_term_string\"}}],\"inLanguage\":\"da-DK\"},{\"@type\":\"Organization\",\"@id\":\"https:\/\/sandagerbiobraendsel.dk\/#organization\",\"name\":\"Sandager Biobr\u00e6ndsel\",\"url\":\"https:\/\/sandagerbiobraendsel.dk\/\",\"logo\":{\"@type\":\"ImageObject\",\"inLanguage\":\"da-DK\",\"@id\":\"https:\/\/sandagerbiobraendsel.dk\/#\/schema\/logo\/image\/\",\"url\":\"https:\/\/sandagerbiobraendsel.dk\/wp-content\/uploads\/2023\/06\/langbiobraendsel2-2.svg\",\"contentUrl\":\"https:\/\/sandagerbiobraendsel.dk\/wp-content\/uploads\/2023\/06\/langbiobraendsel2-2.svg\",\"width\":97,\"height\":83,\"caption\":\"Sandager Biobr\u00e6ndsel\"},\"image\":{\"@id\":\"https:\/\/sandagerbiobraendsel.dk\/#\/schema\/logo\/image\/\"},\"sameAs\":[\"https:\/\/www.facebook.com\/profile.php?id=100081904594618\"]}]}<\/script>\n<!-- \/ Yoast SEO plugin. -->","yoast_head_json":{"title":"Beklager, varen er ikke p\u00e5 lager | Sandager Biobr\u00e6ndsel | Tr\u00e6piller, Briketter, Br\u00e6nde","robots":{"index":"index","follow":"follow","max-snippet":"max-snippet:-1","max-image-preview":"max-image-preview:large","max-video-preview":"max-video-preview:-1"},"canonical":"https:\/\/sandagerbiobraendsel.dk\/index.php\/ikke-paa-lager\/","og_locale":"da_DK","og_type":"article","og_title":"Beklager, varen er ikke p\u00e5 lager | Sandager Biobr\u00e6ndsel | Tr\u00e6piller, Briketter, Br\u00e6nde","og_description":"Vi beklager, varen er ikke p\u00e5 lager","og_url":"https:\/\/sandagerbiobraendsel.dk\/index.php\/ikke-paa-lager\/","og_site_name":"Sandager Biobr\u00e6ndsel | Tr\u00e6piller, Briketter, Br\u00e6nde","article_publisher":"https:\/\/www.facebook.com\/profile.php?id=100081904594618","article_modified_time":"2024-04-23T17:05:40+00:00","og_image":[{"url":"https:\/\/sandagerbiobraendsel.dk\/wp-content\/uploads\/2024\/04\/Sorry-1024x709.jpg"}],"twitter_card":"summary_large_image","twitter_misc":{"Estimeret l\u00e6setid":"1 minut"},"schema":{"@context":"https:\/\/schema.org","@graph":[{"@type":"WebPage","@id":"https:\/\/sandagerbiobraendsel.dk\/index.php\/ikke-paa-lager\/","url":"https:\/\/sandagerbiobraendsel.dk\/index.php\/ikke-paa-lager\/","name":"Beklager, varen er ikke p\u00e5 lager | Sandager Biobr\u00e6ndsel | Tr\u00e6piller, Briketter, Br\u00e6nde","isPartOf":{"@id":"https:\/\/sandagerbiobraendsel.dk\/#website"},"primaryImageOfPage":{"@id":"https:\/\/sandagerbiobraendsel.dk\/index.php\/ikke-paa-lager\/#primaryimage"},"image":{"@id":"https:\/\/sandagerbiobraendsel.dk\/index.php\/ikke-paa-lager\/#primaryimage"},"thumbnailUrl":"https:\/\/sandagerbiobraendsel.dk\/wp-content\/uploads\/2024\/04\/Sorry-1024x709.jpg","datePublished":"2024-01-21T19:05:13+00:00","dateModified":"2024-04-23T17:05:40+00:00","breadcrumb":{"@id":"https:\/\/sandagerbiobraendsel.dk\/index.php\/ikke-paa-lager\/#breadcrumb"},"inLanguage":"da-DK","potentialAction":[{"@type":"ReadAction","target":["https:\/\/sandagerbiobraendsel.dk\/index.php\/ikke-paa-lager\/"]}]},{"@type":"ImageObject","inLanguage":"da-DK","@id":"https:\/\/sandagerbiobraendsel.dk\/index.php\/ikke-paa-lager\/#primaryimage","url":"https:\/\/sandagerbiobraendsel.dk\/wp-content\/uploads\/2024\/04\/Sorry.jpg","contentUrl":"https:\/\/sandagerbiobraendsel.dk\/wp-content\/uploads\/2024\/04\/Sorry.jpg","width":1280,"height":886},{"@type":"BreadcrumbList","@id":"https:\/\/sandagerbiobraendsel.dk\/index.php\/ikke-paa-lager\/#breadcrumb","itemListElement":[{"@type":"ListItem","position":1,"name":"Hjem","item":"https:\/\/sandagerbiobraendsel.dk\/"},{"@type":"ListItem","position":2,"name":"Beklager, varen er ikke p\u00e5 lager"}]},{"@type":"WebSite","@id":"https:\/\/sandagerbiobraendsel.dk\/#website","url":"https:\/\/sandagerbiobraendsel.dk\/","name":"Sandager Biobr\u00e6ndsel | Tr\u00e6piller, Briketter, Br\u00e6nde","description":"Salg af tr\u00e6piller","publisher":{"@id":"https:\/\/sandagerbiobraendsel.dk\/#organization"},"potentialAction":[{"@type":"SearchAction","target":{"@type":"EntryPoint","urlTemplate":"https:\/\/sandagerbiobraendsel.dk\/?s={search_term_string}"},"query-input":{"@type":"PropertyValueSpecification","valueRequired":true,"valueName":"search_term_string"}}],"inLanguage":"da-DK"},{"@type":"Organization","@id":"https:\/\/sandagerbiobraendsel.dk\/#organization","name":"Sandager Biobr\u00e6ndsel","url":"https:\/\/sandagerbiobraendsel.dk\/","logo":{"@type":"ImageObject","inLanguage":"da-DK","@id":"https:\/\/sandagerbiobraendsel.dk\/#\/schema\/logo\/image\/","url":"https:\/\/sandagerbiobraendsel.dk\/wp-content\/uploads\/2023\/06\/langbiobraendsel2-2.svg","contentUrl":"https:\/\/sandagerbiobraendsel.dk\/wp-content\/uploads\/2023\/06\/langbiobraendsel2-2.svg","width":97,"height":83,"caption":"Sandager Biobr\u00e6ndsel"},"image":{"@id":"https:\/\/sandagerbiobraendsel.dk\/#\/schema\/logo\/image\/"},"sameAs":["https:\/\/www.facebook.com\/profile.php?id=100081904594618"]}]}},"jetpack_sharing_enabled":true,"_links":{"self":[{"href":"https:\/\/sandagerbiobraendsel.dk\/index.php\/wp-json\/wp\/v2\/pages\/619"}],"collection":[{"href":"https:\/\/sandagerbiobraendsel.dk\/index.php\/wp-json\/wp\/v2\/pages"}],"about":[{"href":"https:\/\/sandagerbiobraendsel.dk\/index.php\/wp-json\/wp\/v2\/types\/page"}],"author":[{"embeddable":true,"href":"https:\/\/sandagerbiobraendsel.dk\/index.php\/wp-json\/wp\/v2\/users\/1"}],"replies":[{"embeddable":true,"href":"https:\/\/sandagerbiobraendsel.dk\/index.php\/wp-json\/wp\/v2\/comments?post=619"}],"version-history":[{"count":12,"href":"https:\/\/sandagerbiobraendsel.dk\/index.php\/wp-json\/wp\/v2\/pages\/619\/revisions"}],"predecessor-version":[{"id":888,"href":"https:\/\/sandagerbiobraendsel.dk\/index.php\/wp-json\/wp\/v2\/pages\/619\/revisions\/888"}],"wp:attachment":[{"href":"https:\/\/sandagerbiobraendsel.dk\/index.php\/wp-json\/wp\/v2\/media?parent=619"}],"curies":[{"name":"wp","href":"https:\/\/api.w.org\/{rel}","templated":true}]}}