{"id":1162,"date":"2024-04-27T09:10:03","date_gmt":"2024-04-27T07:10:03","guid":{"rendered":"https:\/\/sandagerbiobraendsel.dk\/?post_type=product&#038;p=1162"},"modified":"2024-08-05T20:01:17","modified_gmt":"2024-08-05T18:01:17","slug":"beepellet-6mm-kopiervv","status":"publish","type":"product","link":"https:\/\/sandagerbiobraendsel.dk\/index.php\/product\/beepellet-6mm-kopiervv\/","title":{"rendered":"Beepellet 6mm."},"content":{"rendered":"","protected":false},"excerpt":{"rendered":"<ul>\n<li>Diameter: 6mm<\/li>\n<li>L\u00e6ngde: 30-40 mm<\/li>\n<li>Fugtighedsindhold: &lt; 10%<\/li>\n<li>Askeindhold: &lt; 0,7%<\/li>\n<li>Energiv\u00e6rdi: Ca. 4,7 kWh\/kg<\/li>\n<\/ul>\n","protected":false},"featured_media":803,"comment_status":"open","ping_status":"closed","template":"","meta":{"_acf_changed":false,"site-sidebar-layout":"default","site-content-layout":"","ast-site-content-layout":"default","site-content-style":"default","site-sidebar-style":"default","ast-global-header-display":"","ast-banner-title-visibility":"","ast-main-header-display":"","ast-hfb-above-header-display":"","ast-hfb-below-header-display":"","ast-hfb-mobile-header-display":"","site-post-title":"","ast-breadcrumbs-content":"","ast-featured-img":"","footer-sml-layout":"","theme-transparent-header-meta":"default","adv-header-id-meta":"","stick-header-meta":"","header-above-stick-meta":"","header-main-stick-meta":"","header-below-stick-meta":"","astra-migrate-meta-layouts":"set","ast-page-background-enabled":"default","ast-page-background-meta":{"desktop":{"background-color":"var(--ast-global-color-4)","background-image":"","background-repeat":"repeat","background-position":"center center","background-size":"auto","background-attachment":"scroll","background-type":"","background-media":"","overlay-type":"","overlay-color":"","overlay-gradient":""},"tablet":{"background-color":"","background-image":"","background-repeat":"repeat","background-position":"center center","background-size":"auto","background-attachment":"scroll","background-type":"","background-media":"","overlay-type":"","overlay-color":"","overlay-gradient":""},"mobile":{"background-color":"","background-image":"","background-repeat":"repeat","background-position":"center center","background-size":"auto","background-attachment":"scroll","background-type":"","background-media":"","overlay-type":"","overlay-color":"","overlay-gradient":""}},"ast-content-background-meta":{"desktop":{"background-color":"var(--ast-global-color-5)","background-image":"","background-repeat":"repeat","background-position":"center center","background-size":"auto","background-attachment":"scroll","background-type":"","background-media":"","overlay-type":"","overlay-color":"","overlay-gradient":""},"tablet":{"background-color":"var(--ast-global-color-5)","background-image":"","background-repeat":"repeat","background-position":"center center","background-size":"auto","background-attachment":"scroll","background-type":"","background-media":"","overlay-type":"","overlay-color":"","overlay-gradient":""},"mobile":{"background-color":"var(--ast-global-color-5)","background-image":"","background-repeat":"repeat","background-position":"center center","background-size":"auto","background-attachment":"scroll","background-type":"","background-media":"","overlay-type":"","overlay-color":"","overlay-gradient":""}}},"product_cat":[46],"product_tag":[],"class_list":{"0":"post-1162","1":"product","2":"type-product","3":"status-publish","4":"has-post-thumbnail","6":"product_cat-inkl-lev-fyn","7":"product_shipping_class-levering-fyn","8":"desktop-align-center","9":"tablet-align-center","10":"mobile-align-center","11":"ast-product-gallery-layout-horizontal-slider","12":"ast-product-gallery-with-no-image","13":"ast-product-tabs-layout-horizontal","15":"first","16":"outofstock","17":"taxable","18":"shipping-taxable","19":"purchasable","20":"product-type-simple"},"acf":[],"yoast_head":"<!-- This site is optimized with the Yoast SEO plugin v23.9 - https:\/\/yoast.com\/wordpress\/plugins\/seo\/ -->\n<title>Beepellet 6mm. | Sandager Biobr\u00e6ndsel | Tr\u00e6piller, Briketter, Br\u00e6nde<\/title>\n<meta name=\"robots\" content=\"index, follow, max-snippet:-1, max-image-preview:large, max-video-preview:-1\" \/>\n<link rel=\"canonical\" href=\"https:\/\/sandagerbiobraendsel.dk\/index.php\/product\/beepellet-6mm-kopiervv\/\" \/>\n<meta property=\"og:locale\" content=\"da_DK\" \/>\n<meta property=\"og:type\" content=\"article\" \/>\n<meta property=\"og:title\" content=\"Beepellet 6mm. | Sandager Biobr\u00e6ndsel | Tr\u00e6piller, Briketter, Br\u00e6nde\" \/>\n<meta property=\"og:description\" content=\"Diameter: 6mm  L\u00e6ngde: 30-40 mm  Fugtighedsindhold: &lt; 10%  Askeindhold: &lt; 0,7%  Energiv\u00e6rdi: Ca. 4,7 kWh\/kg\" \/>\n<meta property=\"og:url\" content=\"https:\/\/sandagerbiobraendsel.dk\/index.php\/product\/beepellet-6mm-kopiervv\/\" \/>\n<meta property=\"og:site_name\" content=\"Sandager Biobr\u00e6ndsel | Tr\u00e6piller, Briketter, Br\u00e6nde\" \/>\n<meta property=\"article:publisher\" content=\"https:\/\/www.facebook.com\/profile.php?id=100081904594618\" \/>\n<meta property=\"article:modified_time\" content=\"2024-08-05T18:01:17+00:00\" \/>\n<meta property=\"og:image\" content=\"https:\/\/sandagerbiobraendsel.dk\/wp-content\/uploads\/2024\/04\/Bee6-billede-scaled.jpeg\" \/>\n\t<meta property=\"og:image:width\" content=\"1920\" \/>\n\t<meta property=\"og:image:height\" content=\"2560\" \/>\n\t<meta property=\"og:image:type\" content=\"image\/jpeg\" \/>\n<meta name=\"twitter:card\" content=\"summary_large_image\" \/>\n<meta name=\"twitter:label1\" content=\"Estimeret l\u00e6setid\" \/>\n\t<meta name=\"twitter:data1\" content=\"1 minut\" \/>\n<script type=\"application\/ld+json\" class=\"yoast-schema-graph\">{\"@context\":\"https:\/\/schema.org\",\"@graph\":[{\"@type\":\"WebPage\",\"@id\":\"https:\/\/sandagerbiobraendsel.dk\/index.php\/product\/beepellet-6mm-kopiervv\/\",\"url\":\"https:\/\/sandagerbiobraendsel.dk\/index.php\/product\/beepellet-6mm-kopiervv\/\",\"name\":\"Beepellet 6mm. | Sandager Biobr\u00e6ndsel | Tr\u00e6piller, Briketter, Br\u00e6nde\",\"isPartOf\":{\"@id\":\"https:\/\/sandagerbiobraendsel.dk\/#website\"},\"primaryImageOfPage\":{\"@id\":\"https:\/\/sandagerbiobraendsel.dk\/index.php\/product\/beepellet-6mm-kopiervv\/#primaryimage\"},\"image\":{\"@id\":\"https:\/\/sandagerbiobraendsel.dk\/index.php\/product\/beepellet-6mm-kopiervv\/#primaryimage\"},\"thumbnailUrl\":\"https:\/\/sandagerbiobraendsel.dk\/wp-content\/uploads\/2024\/04\/Bee6-billede-scaled.jpeg\",\"datePublished\":\"2024-04-27T07:10:03+00:00\",\"dateModified\":\"2024-08-05T18:01:17+00:00\",\"breadcrumb\":{\"@id\":\"https:\/\/sandagerbiobraendsel.dk\/index.php\/product\/beepellet-6mm-kopiervv\/#breadcrumb\"},\"inLanguage\":\"da-DK\",\"potentialAction\":[{\"@type\":\"ReadAction\",\"target\":[\"https:\/\/sandagerbiobraendsel.dk\/index.php\/product\/beepellet-6mm-kopiervv\/\"]}]},{\"@type\":\"ImageObject\",\"inLanguage\":\"da-DK\",\"@id\":\"https:\/\/sandagerbiobraendsel.dk\/index.php\/product\/beepellet-6mm-kopiervv\/#primaryimage\",\"url\":\"https:\/\/sandagerbiobraendsel.dk\/wp-content\/uploads\/2024\/04\/Bee6-billede-scaled.jpeg\",\"contentUrl\":\"https:\/\/sandagerbiobraendsel.dk\/wp-content\/uploads\/2024\/04\/Bee6-billede-scaled.jpeg\",\"width\":1920,\"height\":2560},{\"@type\":\"BreadcrumbList\",\"@id\":\"https:\/\/sandagerbiobraendsel.dk\/index.php\/product\/beepellet-6mm-kopiervv\/#breadcrumb\",\"itemListElement\":[{\"@type\":\"ListItem\",\"position\":1,\"name\":\"Hjem\",\"item\":\"https:\/\/sandagerbiobraendsel.dk\/\"},{\"@type\":\"ListItem\",\"position\":2,\"name\":\"Butik\",\"item\":\"https:\/\/sandagerbiobraendsel.dk\/index.php\/shop\/\"},{\"@type\":\"ListItem\",\"position\":3,\"name\":\"Beepellet 6mm.\"}]},{\"@type\":\"WebSite\",\"@id\":\"https:\/\/sandagerbiobraendsel.dk\/#website\",\"url\":\"https:\/\/sandagerbiobraendsel.dk\/\",\"name\":\"Sandager Biobr\u00e6ndsel | Tr\u00e6piller, Briketter, Br\u00e6nde\",\"description\":\"Salg af tr\u00e6piller\",\"publisher\":{\"@id\":\"https:\/\/sandagerbiobraendsel.dk\/#organization\"},\"potentialAction\":[{\"@type\":\"SearchAction\",\"target\":{\"@type\":\"EntryPoint\",\"urlTemplate\":\"https:\/\/sandagerbiobraendsel.dk\/?s={search_term_string}\"},\"query-input\":{\"@type\":\"PropertyValueSpecification\",\"valueRequired\":true,\"valueName\":\"search_term_string\"}}],\"inLanguage\":\"da-DK\"},{\"@type\":\"Organization\",\"@id\":\"https:\/\/sandagerbiobraendsel.dk\/#organization\",\"name\":\"Sandager Biobr\u00e6ndsel\",\"url\":\"https:\/\/sandagerbiobraendsel.dk\/\",\"logo\":{\"@type\":\"ImageObject\",\"inLanguage\":\"da-DK\",\"@id\":\"https:\/\/sandagerbiobraendsel.dk\/#\/schema\/logo\/image\/\",\"url\":\"https:\/\/sandagerbiobraendsel.dk\/wp-content\/uploads\/2023\/06\/langbiobraendsel2-2.svg\",\"contentUrl\":\"https:\/\/sandagerbiobraendsel.dk\/wp-content\/uploads\/2023\/06\/langbiobraendsel2-2.svg\",\"width\":97,\"height\":83,\"caption\":\"Sandager Biobr\u00e6ndsel\"},\"image\":{\"@id\":\"https:\/\/sandagerbiobraendsel.dk\/#\/schema\/logo\/image\/\"},\"sameAs\":[\"https:\/\/www.facebook.com\/profile.php?id=100081904594618\"]}]}<\/script>\n<!-- \/ Yoast SEO plugin. -->","yoast_head_json":{"title":"Beepellet 6mm. | Sandager Biobr\u00e6ndsel | Tr\u00e6piller, Briketter, Br\u00e6nde","robots":{"index":"index","follow":"follow","max-snippet":"max-snippet:-1","max-image-preview":"max-image-preview:large","max-video-preview":"max-video-preview:-1"},"canonical":"https:\/\/sandagerbiobraendsel.dk\/index.php\/product\/beepellet-6mm-kopiervv\/","og_locale":"da_DK","og_type":"article","og_title":"Beepellet 6mm. | Sandager Biobr\u00e6ndsel | Tr\u00e6piller, Briketter, Br\u00e6nde","og_description":"Diameter: 6mm  L\u00e6ngde: 30-40 mm  Fugtighedsindhold: &lt; 10%  Askeindhold: &lt; 0,7%  Energiv\u00e6rdi: Ca. 4,7 kWh\/kg","og_url":"https:\/\/sandagerbiobraendsel.dk\/index.php\/product\/beepellet-6mm-kopiervv\/","og_site_name":"Sandager Biobr\u00e6ndsel | Tr\u00e6piller, Briketter, Br\u00e6nde","article_publisher":"https:\/\/www.facebook.com\/profile.php?id=100081904594618","article_modified_time":"2024-08-05T18:01:17+00:00","og_image":[{"width":1920,"height":2560,"url":"https:\/\/sandagerbiobraendsel.dk\/wp-content\/uploads\/2024\/04\/Bee6-billede-scaled.jpeg","type":"image\/jpeg"}],"twitter_card":"summary_large_image","twitter_misc":{"Estimeret l\u00e6setid":"1 minut"},"schema":{"@context":"https:\/\/schema.org","@graph":[{"@type":"WebPage","@id":"https:\/\/sandagerbiobraendsel.dk\/index.php\/product\/beepellet-6mm-kopiervv\/","url":"https:\/\/sandagerbiobraendsel.dk\/index.php\/product\/beepellet-6mm-kopiervv\/","name":"Beepellet 6mm. | Sandager Biobr\u00e6ndsel | Tr\u00e6piller, Briketter, Br\u00e6nde","isPartOf":{"@id":"https:\/\/sandagerbiobraendsel.dk\/#website"},"primaryImageOfPage":{"@id":"https:\/\/sandagerbiobraendsel.dk\/index.php\/product\/beepellet-6mm-kopiervv\/#primaryimage"},"image":{"@id":"https:\/\/sandagerbiobraendsel.dk\/index.php\/product\/beepellet-6mm-kopiervv\/#primaryimage"},"thumbnailUrl":"https:\/\/sandagerbiobraendsel.dk\/wp-content\/uploads\/2024\/04\/Bee6-billede-scaled.jpeg","datePublished":"2024-04-27T07:10:03+00:00","dateModified":"2024-08-05T18:01:17+00:00","breadcrumb":{"@id":"https:\/\/sandagerbiobraendsel.dk\/index.php\/product\/beepellet-6mm-kopiervv\/#breadcrumb"},"inLanguage":"da-DK","potentialAction":[{"@type":"ReadAction","target":["https:\/\/sandagerbiobraendsel.dk\/index.php\/product\/beepellet-6mm-kopiervv\/"]}]},{"@type":"ImageObject","inLanguage":"da-DK","@id":"https:\/\/sandagerbiobraendsel.dk\/index.php\/product\/beepellet-6mm-kopiervv\/#primaryimage","url":"https:\/\/sandagerbiobraendsel.dk\/wp-content\/uploads\/2024\/04\/Bee6-billede-scaled.jpeg","contentUrl":"https:\/\/sandagerbiobraendsel.dk\/wp-content\/uploads\/2024\/04\/Bee6-billede-scaled.jpeg","width":1920,"height":2560},{"@type":"BreadcrumbList","@id":"https:\/\/sandagerbiobraendsel.dk\/index.php\/product\/beepellet-6mm-kopiervv\/#breadcrumb","itemListElement":[{"@type":"ListItem","position":1,"name":"Hjem","item":"https:\/\/sandagerbiobraendsel.dk\/"},{"@type":"ListItem","position":2,"name":"Butik","item":"https:\/\/sandagerbiobraendsel.dk\/index.php\/shop\/"},{"@type":"ListItem","position":3,"name":"Beepellet 6mm."}]},{"@type":"WebSite","@id":"https:\/\/sandagerbiobraendsel.dk\/#website","url":"https:\/\/sandagerbiobraendsel.dk\/","name":"Sandager Biobr\u00e6ndsel | Tr\u00e6piller, Briketter, Br\u00e6nde","description":"Salg af tr\u00e6piller","publisher":{"@id":"https:\/\/sandagerbiobraendsel.dk\/#organization"},"potentialAction":[{"@type":"SearchAction","target":{"@type":"EntryPoint","urlTemplate":"https:\/\/sandagerbiobraendsel.dk\/?s={search_term_string}"},"query-input":{"@type":"PropertyValueSpecification","valueRequired":true,"valueName":"search_term_string"}}],"inLanguage":"da-DK"},{"@type":"Organization","@id":"https:\/\/sandagerbiobraendsel.dk\/#organization","name":"Sandager Biobr\u00e6ndsel","url":"https:\/\/sandagerbiobraendsel.dk\/","logo":{"@type":"ImageObject","inLanguage":"da-DK","@id":"https:\/\/sandagerbiobraendsel.dk\/#\/schema\/logo\/image\/","url":"https:\/\/sandagerbiobraendsel.dk\/wp-content\/uploads\/2023\/06\/langbiobraendsel2-2.svg","contentUrl":"https:\/\/sandagerbiobraendsel.dk\/wp-content\/uploads\/2023\/06\/langbiobraendsel2-2.svg","width":97,"height":83,"caption":"Sandager Biobr\u00e6ndsel"},"image":{"@id":"https:\/\/sandagerbiobraendsel.dk\/#\/schema\/logo\/image\/"},"sameAs":["https:\/\/www.facebook.com\/profile.php?id=100081904594618"]}]}},"jetpack_sharing_enabled":true,"_links":{"self":[{"href":"https:\/\/sandagerbiobraendsel.dk\/index.php\/wp-json\/wp\/v2\/product\/1162"}],"collection":[{"href":"https:\/\/sandagerbiobraendsel.dk\/index.php\/wp-json\/wp\/v2\/product"}],"about":[{"href":"https:\/\/sandagerbiobraendsel.dk\/index.php\/wp-json\/wp\/v2\/types\/product"}],"replies":[{"embeddable":true,"href":"https:\/\/sandagerbiobraendsel.dk\/index.php\/wp-json\/wp\/v2\/comments?post=1162"}],"wp:featuredmedia":[{"embeddable":true,"href":"https:\/\/sandagerbiobraendsel.dk\/index.php\/wp-json\/wp\/v2\/media\/803"}],"wp:attachment":[{"href":"https:\/\/sandagerbiobraendsel.dk\/index.php\/wp-json\/wp\/v2\/media?parent=1162"}],"wp:term":[{"taxonomy":"product_cat","embeddable":true,"href":"https:\/\/sandagerbiobraendsel.dk\/index.php\/wp-json\/wp\/v2\/product_cat?post=1162"},{"taxonomy":"product_tag","embeddable":true,"href":"https:\/\/sandagerbiobraendsel.dk\/index.php\/wp-json\/wp\/v2\/product_tag?post=1162"}],"curies":[{"name":"wp","href":"https:\/\/api.w.org\/{rel}","templated":true}]}}