{"id":1660,"date":"2024-11-27T08:44:08","date_gmt":"2024-11-27T07:44:08","guid":{"rendered":"https:\/\/sandagerbiobraendsel.dk\/?post_type=product&#038;p=1660"},"modified":"2024-12-07T16:39:58","modified_gmt":"2024-12-07T15:39:58","slug":"inflame-8-mm-egetraestraepiller","status":"publish","type":"product","link":"https:\/\/sandagerbiobraendsel.dk\/index.php\/product\/inflame-8-mm-egetraestraepiller\/","title":{"rendered":"Inflame 8mm egetr\u00e6str\u00e6piller"},"content":{"rendered":"","protected":false},"excerpt":{"rendered":"<h3><span style=\"color: #00ff00;\"><strong>Leveret p\u00e5 Fyn<\/strong><\/span><\/h3>\n<p><strong>Inflame 8mm Egetr\u00e6 Tr\u00e6piller<\/strong><br \/>\nPremium tr\u00e6piller i h\u00f8jeste kvalitet, ideelle til effektiv og ren forbr\u00e6nding:<\/p>\n<ul>\n<li><strong>Diameter:<\/strong>\u00a08 mm<\/li>\n<li><strong>Askeindhold:<\/strong>\u00a0&lt; 0,5 %<\/li>\n<li><strong>Fugtighed:<\/strong>\u00a0&lt; 5,99 %<\/li>\n<li><strong>Effektiv br\u00e6ndv\u00e6rdi:<\/strong>\u00a0&gt; 5,1 kWh\/kg<\/li>\n<li><strong>\u00d8vre br\u00e6ndv\u00e6rdi:<\/strong>\u00a0&gt; 5,46 kWh\/kg<\/li>\n<\/ul>\n<p><strong>Fordele ved egetr\u00e6str\u00e6piller kontra grantr\u00e6piller:<\/strong><br \/>\nEgetr\u00e6str\u00e6piller har typisk en h\u00f8jere br\u00e6ndv\u00e6rdi, hvilket betyder mere varme pr. kilo, og de producerer ofte mindre aske. Deres t\u00e6tte struktur g\u00f8r dem ideelle til l\u00e6ngere og mere stabil forbr\u00e6nding. Grantr\u00e6spiller kan v\u00e6re lidt lettere at t\u00e6nde op og kan have en mildere duft ved forbr\u00e6nding, men de har ofte en h\u00f8jere askeproduktion og lavere energiv\u00e6rdi sammenlignet med egetr\u00e6str\u00e6piller.<\/p>\n<p>V\u00e6lg egetr\u00e6str\u00e6piller for maksimal effektivitet og renere drift.<\/p>\n","protected":false},"featured_media":1656,"comment_status":"open","ping_status":"closed","template":"","meta":{"_acf_changed":false,"site-sidebar-layout":"default","site-content-layout":"","ast-site-content-layout":"default","site-content-style":"default","site-sidebar-style":"default","ast-global-header-display":"","ast-banner-title-visibility":"","ast-main-header-display":"","ast-hfb-above-header-display":"","ast-hfb-below-header-display":"","ast-hfb-mobile-header-display":"","site-post-title":"","ast-breadcrumbs-content":"","ast-featured-img":"","footer-sml-layout":"","theme-transparent-header-meta":"default","adv-header-id-meta":"","stick-header-meta":"","header-above-stick-meta":"","header-main-stick-meta":"","header-below-stick-meta":"","astra-migrate-meta-layouts":"set","ast-page-background-enabled":"default","ast-page-background-meta":{"desktop":{"background-color":"var(--ast-global-color-4)","background-image":"","background-repeat":"repeat","background-position":"center center","background-size":"auto","background-attachment":"scroll","background-type":"","background-media":"","overlay-type":"","overlay-color":"","overlay-gradient":""},"tablet":{"background-color":"","background-image":"","background-repeat":"repeat","background-position":"center center","background-size":"auto","background-attachment":"scroll","background-type":"","background-media":"","overlay-type":"","overlay-color":"","overlay-gradient":""},"mobile":{"background-color":"","background-image":"","background-repeat":"repeat","background-position":"center center","background-size":"auto","background-attachment":"scroll","background-type":"","background-media":"","overlay-type":"","overlay-color":"","overlay-gradient":""}},"ast-content-background-meta":{"desktop":{"background-color":"var(--ast-global-color-5)","background-image":"","background-repeat":"repeat","background-position":"center center","background-size":"auto","background-attachment":"scroll","background-type":"","background-media":"","overlay-type":"","overlay-color":"","overlay-gradient":""},"tablet":{"background-color":"var(--ast-global-color-5)","background-image":"","background-repeat":"repeat","background-position":"center center","background-size":"auto","background-attachment":"scroll","background-type":"","background-media":"","overlay-type":"","overlay-color":"","overlay-gradient":""},"mobile":{"background-color":"var(--ast-global-color-5)","background-image":"","background-repeat":"repeat","background-position":"center center","background-size":"auto","background-attachment":"scroll","background-type":"","background-media":"","overlay-type":"","overlay-color":"","overlay-gradient":""}}},"product_cat":[46],"product_tag":[49],"class_list":{"0":"post-1660","1":"product","2":"type-product","3":"status-publish","4":"has-post-thumbnail","6":"product_cat-inkl-lev-fyn","7":"product_tag-pris-inkl-lev-fyn","8":"product_shipping_class-zone-1-fyn","9":"desktop-align-center","10":"tablet-align-center","11":"mobile-align-center","12":"ast-product-gallery-layout-horizontal-slider","13":"ast-product-tabs-layout-horizontal","15":"first","16":"outofstock","17":"taxable","18":"shipping-taxable","19":"purchasable","20":"product-type-simple"},"acf":[],"yoast_head":"<!-- This site is optimized with the Yoast SEO plugin v23.9 - https:\/\/yoast.com\/wordpress\/plugins\/seo\/ -->\n<title>Inflame 8mm egetr\u00e6str\u00e6piller | Sandager Biobr\u00e6ndsel | Tr\u00e6piller, Briketter, Br\u00e6nde<\/title>\n<meta name=\"robots\" content=\"index, follow, max-snippet:-1, max-image-preview:large, max-video-preview:-1\" \/>\n<link rel=\"canonical\" href=\"https:\/\/sandagerbiobraendsel.dk\/index.php\/product\/inflame-8-mm-egetraestraepiller\/\" \/>\n<meta property=\"og:locale\" content=\"da_DK\" \/>\n<meta property=\"og:type\" content=\"article\" \/>\n<meta property=\"og:title\" content=\"Inflame 8mm egetr\u00e6str\u00e6piller | Sandager Biobr\u00e6ndsel | Tr\u00e6piller, Briketter, Br\u00e6nde\" \/>\n<meta property=\"og:description\" content=\"Leveret p\u00e5 Fyn Inflame 8mm Egetr\u00e6 Tr\u00e6piller Premium tr\u00e6piller i h\u00f8jeste kvalitet, ideelle til effektiv og ren forbr\u00e6nding:   Diameter:\u00a08 mm  Askeindhold:\u00a0&lt; 0,5 %  Fugtighed:\u00a0&lt; 5,99 %  Effektiv br\u00e6ndv\u00e6rdi:\u00a0&gt; 5,1 kWh\/kg  \u00d8vre br\u00e6ndv\u00e6rdi:\u00a0&gt; 5,46 kWh\/kg  Fordele ved egetr\u00e6str\u00e6piller kontra grantr\u00e6piller: Egetr\u00e6str\u00e6piller har typisk en h\u00f8jere br\u00e6ndv\u00e6rdi, hvilket betyder mere varme pr. kilo, og de producerer ofte mindre aske. Deres t\u00e6tte struktur g\u00f8r dem ideelle til l\u00e6ngere og mere stabil forbr\u00e6nding. Grantr\u00e6spiller kan v\u00e6re lidt lettere at t\u00e6nde op og kan have en mildere duft ved forbr\u00e6nding, men de har ofte en h\u00f8jere askeproduktion og lavere energiv\u00e6rdi sammenlignet med egetr\u00e6str\u00e6piller.  V\u00e6lg egetr\u00e6str\u00e6piller for maksimal effektivitet og renere drift.\" \/>\n<meta property=\"og:url\" content=\"https:\/\/sandagerbiobraendsel.dk\/index.php\/product\/inflame-8-mm-egetraestraepiller\/\" \/>\n<meta property=\"og:site_name\" content=\"Sandager Biobr\u00e6ndsel | Tr\u00e6piller, Briketter, Br\u00e6nde\" \/>\n<meta property=\"article:publisher\" content=\"https:\/\/www.facebook.com\/profile.php?id=100081904594618\" \/>\n<meta property=\"article:modified_time\" content=\"2024-12-07T15:39:58+00:00\" \/>\n<meta property=\"og:image\" content=\"https:\/\/sandagerbiobraendsel.dk\/wp-content\/uploads\/2024\/11\/Udklip-inflame.png\" \/>\n\t<meta property=\"og:image:width\" content=\"867\" \/>\n\t<meta property=\"og:image:height\" content=\"753\" \/>\n\t<meta property=\"og:image:type\" content=\"image\/png\" \/>\n<meta name=\"twitter:card\" content=\"summary_large_image\" \/>\n<meta name=\"twitter:label1\" content=\"Estimeret l\u00e6setid\" \/>\n\t<meta name=\"twitter:data1\" content=\"1 minut\" \/>\n<script type=\"application\/ld+json\" class=\"yoast-schema-graph\">{\"@context\":\"https:\/\/schema.org\",\"@graph\":[{\"@type\":\"WebPage\",\"@id\":\"https:\/\/sandagerbiobraendsel.dk\/index.php\/product\/inflame-8-mm-egetraestraepiller\/\",\"url\":\"https:\/\/sandagerbiobraendsel.dk\/index.php\/product\/inflame-8-mm-egetraestraepiller\/\",\"name\":\"Inflame 8mm egetr\u00e6str\u00e6piller | Sandager Biobr\u00e6ndsel | Tr\u00e6piller, Briketter, Br\u00e6nde\",\"isPartOf\":{\"@id\":\"https:\/\/sandagerbiobraendsel.dk\/#website\"},\"primaryImageOfPage\":{\"@id\":\"https:\/\/sandagerbiobraendsel.dk\/index.php\/product\/inflame-8-mm-egetraestraepiller\/#primaryimage\"},\"image\":{\"@id\":\"https:\/\/sandagerbiobraendsel.dk\/index.php\/product\/inflame-8-mm-egetraestraepiller\/#primaryimage\"},\"thumbnailUrl\":\"https:\/\/sandagerbiobraendsel.dk\/wp-content\/uploads\/2024\/11\/Udklip-inflame.png\",\"datePublished\":\"2024-11-27T07:44:08+00:00\",\"dateModified\":\"2024-12-07T15:39:58+00:00\",\"breadcrumb\":{\"@id\":\"https:\/\/sandagerbiobraendsel.dk\/index.php\/product\/inflame-8-mm-egetraestraepiller\/#breadcrumb\"},\"inLanguage\":\"da-DK\",\"potentialAction\":[{\"@type\":\"ReadAction\",\"target\":[\"https:\/\/sandagerbiobraendsel.dk\/index.php\/product\/inflame-8-mm-egetraestraepiller\/\"]}]},{\"@type\":\"ImageObject\",\"inLanguage\":\"da-DK\",\"@id\":\"https:\/\/sandagerbiobraendsel.dk\/index.php\/product\/inflame-8-mm-egetraestraepiller\/#primaryimage\",\"url\":\"https:\/\/sandagerbiobraendsel.dk\/wp-content\/uploads\/2024\/11\/Udklip-inflame.png\",\"contentUrl\":\"https:\/\/sandagerbiobraendsel.dk\/wp-content\/uploads\/2024\/11\/Udklip-inflame.png\",\"width\":867,\"height\":753},{\"@type\":\"BreadcrumbList\",\"@id\":\"https:\/\/sandagerbiobraendsel.dk\/index.php\/product\/inflame-8-mm-egetraestraepiller\/#breadcrumb\",\"itemListElement\":[{\"@type\":\"ListItem\",\"position\":1,\"name\":\"Hjem\",\"item\":\"https:\/\/sandagerbiobraendsel.dk\/\"},{\"@type\":\"ListItem\",\"position\":2,\"name\":\"Butik\",\"item\":\"https:\/\/sandagerbiobraendsel.dk\/index.php\/shop\/\"},{\"@type\":\"ListItem\",\"position\":3,\"name\":\"Inflame 8mm egetr\u00e6str\u00e6piller\"}]},{\"@type\":\"WebSite\",\"@id\":\"https:\/\/sandagerbiobraendsel.dk\/#website\",\"url\":\"https:\/\/sandagerbiobraendsel.dk\/\",\"name\":\"Sandager Biobr\u00e6ndsel | Tr\u00e6piller, Briketter, Br\u00e6nde\",\"description\":\"Salg af tr\u00e6piller\",\"publisher\":{\"@id\":\"https:\/\/sandagerbiobraendsel.dk\/#organization\"},\"potentialAction\":[{\"@type\":\"SearchAction\",\"target\":{\"@type\":\"EntryPoint\",\"urlTemplate\":\"https:\/\/sandagerbiobraendsel.dk\/?s={search_term_string}\"},\"query-input\":{\"@type\":\"PropertyValueSpecification\",\"valueRequired\":true,\"valueName\":\"search_term_string\"}}],\"inLanguage\":\"da-DK\"},{\"@type\":\"Organization\",\"@id\":\"https:\/\/sandagerbiobraendsel.dk\/#organization\",\"name\":\"Sandager Biobr\u00e6ndsel\",\"url\":\"https:\/\/sandagerbiobraendsel.dk\/\",\"logo\":{\"@type\":\"ImageObject\",\"inLanguage\":\"da-DK\",\"@id\":\"https:\/\/sandagerbiobraendsel.dk\/#\/schema\/logo\/image\/\",\"url\":\"https:\/\/sandagerbiobraendsel.dk\/wp-content\/uploads\/2023\/06\/langbiobraendsel2-2.svg\",\"contentUrl\":\"https:\/\/sandagerbiobraendsel.dk\/wp-content\/uploads\/2023\/06\/langbiobraendsel2-2.svg\",\"width\":97,\"height\":83,\"caption\":\"Sandager Biobr\u00e6ndsel\"},\"image\":{\"@id\":\"https:\/\/sandagerbiobraendsel.dk\/#\/schema\/logo\/image\/\"},\"sameAs\":[\"https:\/\/www.facebook.com\/profile.php?id=100081904594618\"]}]}<\/script>\n<!-- \/ Yoast SEO plugin. -->","yoast_head_json":{"title":"Inflame 8mm egetr\u00e6str\u00e6piller | Sandager Biobr\u00e6ndsel | Tr\u00e6piller, Briketter, Br\u00e6nde","robots":{"index":"index","follow":"follow","max-snippet":"max-snippet:-1","max-image-preview":"max-image-preview:large","max-video-preview":"max-video-preview:-1"},"canonical":"https:\/\/sandagerbiobraendsel.dk\/index.php\/product\/inflame-8-mm-egetraestraepiller\/","og_locale":"da_DK","og_type":"article","og_title":"Inflame 8mm egetr\u00e6str\u00e6piller | Sandager Biobr\u00e6ndsel | Tr\u00e6piller, Briketter, Br\u00e6nde","og_description":"Leveret p\u00e5 Fyn Inflame 8mm Egetr\u00e6 Tr\u00e6piller Premium tr\u00e6piller i h\u00f8jeste kvalitet, ideelle til effektiv og ren forbr\u00e6nding:   Diameter:\u00a08 mm  Askeindhold:\u00a0&lt; 0,5 %  Fugtighed:\u00a0&lt; 5,99 %  Effektiv br\u00e6ndv\u00e6rdi:\u00a0&gt; 5,1 kWh\/kg  \u00d8vre br\u00e6ndv\u00e6rdi:\u00a0&gt; 5,46 kWh\/kg  Fordele ved egetr\u00e6str\u00e6piller kontra grantr\u00e6piller: Egetr\u00e6str\u00e6piller har typisk en h\u00f8jere br\u00e6ndv\u00e6rdi, hvilket betyder mere varme pr. kilo, og de producerer ofte mindre aske. Deres t\u00e6tte struktur g\u00f8r dem ideelle til l\u00e6ngere og mere stabil forbr\u00e6nding. Grantr\u00e6spiller kan v\u00e6re lidt lettere at t\u00e6nde op og kan have en mildere duft ved forbr\u00e6nding, men de har ofte en h\u00f8jere askeproduktion og lavere energiv\u00e6rdi sammenlignet med egetr\u00e6str\u00e6piller.  V\u00e6lg egetr\u00e6str\u00e6piller for maksimal effektivitet og renere drift.","og_url":"https:\/\/sandagerbiobraendsel.dk\/index.php\/product\/inflame-8-mm-egetraestraepiller\/","og_site_name":"Sandager Biobr\u00e6ndsel | Tr\u00e6piller, Briketter, Br\u00e6nde","article_publisher":"https:\/\/www.facebook.com\/profile.php?id=100081904594618","article_modified_time":"2024-12-07T15:39:58+00:00","og_image":[{"width":867,"height":753,"url":"https:\/\/sandagerbiobraendsel.dk\/wp-content\/uploads\/2024\/11\/Udklip-inflame.png","type":"image\/png"}],"twitter_card":"summary_large_image","twitter_misc":{"Estimeret l\u00e6setid":"1 minut"},"schema":{"@context":"https:\/\/schema.org","@graph":[{"@type":"WebPage","@id":"https:\/\/sandagerbiobraendsel.dk\/index.php\/product\/inflame-8-mm-egetraestraepiller\/","url":"https:\/\/sandagerbiobraendsel.dk\/index.php\/product\/inflame-8-mm-egetraestraepiller\/","name":"Inflame 8mm egetr\u00e6str\u00e6piller | Sandager Biobr\u00e6ndsel | Tr\u00e6piller, Briketter, Br\u00e6nde","isPartOf":{"@id":"https:\/\/sandagerbiobraendsel.dk\/#website"},"primaryImageOfPage":{"@id":"https:\/\/sandagerbiobraendsel.dk\/index.php\/product\/inflame-8-mm-egetraestraepiller\/#primaryimage"},"image":{"@id":"https:\/\/sandagerbiobraendsel.dk\/index.php\/product\/inflame-8-mm-egetraestraepiller\/#primaryimage"},"thumbnailUrl":"https:\/\/sandagerbiobraendsel.dk\/wp-content\/uploads\/2024\/11\/Udklip-inflame.png","datePublished":"2024-11-27T07:44:08+00:00","dateModified":"2024-12-07T15:39:58+00:00","breadcrumb":{"@id":"https:\/\/sandagerbiobraendsel.dk\/index.php\/product\/inflame-8-mm-egetraestraepiller\/#breadcrumb"},"inLanguage":"da-DK","potentialAction":[{"@type":"ReadAction","target":["https:\/\/sandagerbiobraendsel.dk\/index.php\/product\/inflame-8-mm-egetraestraepiller\/"]}]},{"@type":"ImageObject","inLanguage":"da-DK","@id":"https:\/\/sandagerbiobraendsel.dk\/index.php\/product\/inflame-8-mm-egetraestraepiller\/#primaryimage","url":"https:\/\/sandagerbiobraendsel.dk\/wp-content\/uploads\/2024\/11\/Udklip-inflame.png","contentUrl":"https:\/\/sandagerbiobraendsel.dk\/wp-content\/uploads\/2024\/11\/Udklip-inflame.png","width":867,"height":753},{"@type":"BreadcrumbList","@id":"https:\/\/sandagerbiobraendsel.dk\/index.php\/product\/inflame-8-mm-egetraestraepiller\/#breadcrumb","itemListElement":[{"@type":"ListItem","position":1,"name":"Hjem","item":"https:\/\/sandagerbiobraendsel.dk\/"},{"@type":"ListItem","position":2,"name":"Butik","item":"https:\/\/sandagerbiobraendsel.dk\/index.php\/shop\/"},{"@type":"ListItem","position":3,"name":"Inflame 8mm egetr\u00e6str\u00e6piller"}]},{"@type":"WebSite","@id":"https:\/\/sandagerbiobraendsel.dk\/#website","url":"https:\/\/sandagerbiobraendsel.dk\/","name":"Sandager Biobr\u00e6ndsel | Tr\u00e6piller, Briketter, Br\u00e6nde","description":"Salg af tr\u00e6piller","publisher":{"@id":"https:\/\/sandagerbiobraendsel.dk\/#organization"},"potentialAction":[{"@type":"SearchAction","target":{"@type":"EntryPoint","urlTemplate":"https:\/\/sandagerbiobraendsel.dk\/?s={search_term_string}"},"query-input":{"@type":"PropertyValueSpecification","valueRequired":true,"valueName":"search_term_string"}}],"inLanguage":"da-DK"},{"@type":"Organization","@id":"https:\/\/sandagerbiobraendsel.dk\/#organization","name":"Sandager Biobr\u00e6ndsel","url":"https:\/\/sandagerbiobraendsel.dk\/","logo":{"@type":"ImageObject","inLanguage":"da-DK","@id":"https:\/\/sandagerbiobraendsel.dk\/#\/schema\/logo\/image\/","url":"https:\/\/sandagerbiobraendsel.dk\/wp-content\/uploads\/2023\/06\/langbiobraendsel2-2.svg","contentUrl":"https:\/\/sandagerbiobraendsel.dk\/wp-content\/uploads\/2023\/06\/langbiobraendsel2-2.svg","width":97,"height":83,"caption":"Sandager Biobr\u00e6ndsel"},"image":{"@id":"https:\/\/sandagerbiobraendsel.dk\/#\/schema\/logo\/image\/"},"sameAs":["https:\/\/www.facebook.com\/profile.php?id=100081904594618"]}]}},"jetpack_sharing_enabled":true,"_links":{"self":[{"href":"https:\/\/sandagerbiobraendsel.dk\/index.php\/wp-json\/wp\/v2\/product\/1660"}],"collection":[{"href":"https:\/\/sandagerbiobraendsel.dk\/index.php\/wp-json\/wp\/v2\/product"}],"about":[{"href":"https:\/\/sandagerbiobraendsel.dk\/index.php\/wp-json\/wp\/v2\/types\/product"}],"replies":[{"embeddable":true,"href":"https:\/\/sandagerbiobraendsel.dk\/index.php\/wp-json\/wp\/v2\/comments?post=1660"}],"wp:featuredmedia":[{"embeddable":true,"href":"https:\/\/sandagerbiobraendsel.dk\/index.php\/wp-json\/wp\/v2\/media\/1656"}],"wp:attachment":[{"href":"https:\/\/sandagerbiobraendsel.dk\/index.php\/wp-json\/wp\/v2\/media?parent=1660"}],"wp:term":[{"taxonomy":"product_cat","embeddable":true,"href":"https:\/\/sandagerbiobraendsel.dk\/index.php\/wp-json\/wp\/v2\/product_cat?post=1660"},{"taxonomy":"product_tag","embeddable":true,"href":"https:\/\/sandagerbiobraendsel.dk\/index.php\/wp-json\/wp\/v2\/product_tag?post=1660"}],"curies":[{"name":"wp","href":"https:\/\/api.w.org\/{rel}","templated":true}]}}